{"id":625,"date":"2019-02-15T11:15:20","date_gmt":"2019-02-15T11:15:20","guid":{"rendered":"http:\/\/localhost:8080\/wordpress\/?page_id=625"},"modified":"2022-09-13T16:53:48","modified_gmt":"2022-09-13T14:53:48","slug":"triptasi-mastocitosi","status":"publish","type":"page","link":"https:\/\/www.asimas.it\/new_asimas\/triptasi-mastocitosi\/","title":{"rendered":"LA TRIPTASI"},"content":{"rendered":"<p class=\"asimas\" align=\"justify\"><span style=\"font-family: Georgia, Times New Roman, Times, serif; font-size: 17px;\"><br \/>\nLa mastocitosi \u00e8 una malattia rara la cui diagnosi \u00e8 basata sull&#8217;esame istologico degli organi interessati (ad esempio, la cute). In ogni caso, il medico provvede inizialmente ad una visita accurata che comprende l&#8217;esame completo della pelle. Ulteriori informazioni possono essere fornite da esami di laboratorio. In particolare, pu\u00f2 essere effettuato il dosaggio della triptasi con un semplice prelievo di sangue. La triptasi \u00e8 un enzima prodotto pressoch\u00e9 esclusivamente dai mastociti. Nel caso in cui i livelli di triptasi nel sangue siano elevati pu\u00f2 essere sospettata una mastocitosi sistemica (sebbene alti livelli di triptasi possano essere associati a condizioni diverse da questa malattia, come la leucemia mieloide acuta, la leucemia mieloide cronica ed i disordini mieloproliferativi).<\/span><\/p>\n<p align=\"justify\"><img loading=\"lazy\" class=\"alignnone size-full wp-image-1357\" src=\"http:\/\/www.asimas.it\/new_asimas\/wp-content\/uploads\/2019\/05\/divider.jpg\" alt=\"\" width=\"2009\" height=\"2\" srcset=\"https:\/\/www.asimas.it\/new_asimas\/wp-content\/uploads\/2019\/05\/divider.jpg 2009w, https:\/\/www.asimas.it\/new_asimas\/wp-content\/uploads\/2019\/05\/divider-150x2.jpg 150w, https:\/\/www.asimas.it\/new_asimas\/wp-content\/uploads\/2019\/05\/divider-300x1.jpg 300w, https:\/\/www.asimas.it\/new_asimas\/wp-content\/uploads\/2019\/05\/divider-768x1.jpg 768w, https:\/\/www.asimas.it\/new_asimas\/wp-content\/uploads\/2019\/05\/divider-1024x1.jpg 1024w, https:\/\/www.asimas.it\/new_asimas\/wp-content\/uploads\/2019\/05\/divider-600x2.jpg 600w, https:\/\/www.asimas.it\/new_asimas\/wp-content\/uploads\/2019\/05\/divider-240x2.jpg 240w, https:\/\/www.asimas.it\/new_asimas\/wp-content\/uploads\/2019\/05\/divider-272x2.jpg 272w\" sizes=\"(max-width: 2009px) 100vw, 2009px\" \/><\/p>\n<p class=\"asimas\" align=\"justify\"><span style=\"font-family: Georgia, Times New Roman, Times, serif; font-size: 17px;\">La triptasi \u00e8 un enzima secreto dai mastociti che normalmente si ritrova in minima quantit\u00e0 nel sangue periferico. I suoi livelli sierici non sono influenzati dall\u2019assunzione di cibo, dall\u2019esercizio fisico e dalla gravidanza. I livelli normali di triptasi sierica negli adulti sono di circa 10-12 ng\/ml. Nella mastocitosi cutanea i livelli di triptasi sono solitamente nella norma. Un aumento della triptasi si riscontra in alcune condizioni cliniche come nelle reazioni allergiche severe (es. lo shock anafilattico). In questi casi, per\u00f2, i livelli di triptasi ritornano nella norma dopo qualche giorno. Per tale motivo, qualora la triptasi risulti elevata si raccomanda di ripetere il dosaggio dopo almeno due giorni e, se i livelli restano elevati, si pone il sospetto di mastocitosi sistemica ed \u00e8 necessario comunque procedere ad un esame del midollo osseo.<\/span><\/p>\n<p class=\"asimas\" align=\"justify\"><span style=\"font-family: Georgia, 'Times New Roman', Times, serif; font-size: 17px;\"><img loading=\"lazy\" class=\"alignnone size-full wp-image-1357\" src=\"http:\/\/www.asimas.it\/new_asimas\/wp-content\/uploads\/2019\/05\/divider.jpg\" alt=\"\" width=\"2009\" height=\"2\" srcset=\"https:\/\/www.asimas.it\/new_asimas\/wp-content\/uploads\/2019\/05\/divider.jpg 2009w, https:\/\/www.asimas.it\/new_asimas\/wp-content\/uploads\/2019\/05\/divider-150x2.jpg 150w, https:\/\/www.asimas.it\/new_asimas\/wp-content\/uploads\/2019\/05\/divider-300x1.jpg 300w, https:\/\/www.asimas.it\/new_asimas\/wp-content\/uploads\/2019\/05\/divider-768x1.jpg 768w, https:\/\/www.asimas.it\/new_asimas\/wp-content\/uploads\/2019\/05\/divider-1024x1.jpg 1024w, https:\/\/www.asimas.it\/new_asimas\/wp-content\/uploads\/2019\/05\/divider-600x2.jpg 600w, https:\/\/www.asimas.it\/new_asimas\/wp-content\/uploads\/2019\/05\/divider-240x2.jpg 240w, https:\/\/www.asimas.it\/new_asimas\/wp-content\/uploads\/2019\/05\/divider-272x2.jpg 272w\" sizes=\"(max-width: 2009px) 100vw, 2009px\" \/><\/span><\/p>\n<p class=\"asimas\" align=\"justify\"><span style=\"font-family: Georgia, 'Times New Roman', Times, serif; font-size: 17px;\">Nei pazienti con mastocitosi gi\u00e0 diagnosticata i livelli di triptasi sierica sono in relazione al grado di proliferazione ed infiltrazione dei mastociti nei tessuti. Pertanto, per monitorare l\u2019evoluzione della malattia il dosaggio della triptasi va effettuato periodicamente in base alle condizioni cliniche ed ai risultati delle indagini di laboratorio e strumentali. In generale, nei pazienti con mastocitosi sistemica, \u00e8 opportuno controllare i valori di triptasi ogni 6 mesi.<\/span><\/p>\n","protected":false},"excerpt":{"rendered":"<p>La mastocitosi \u00e8 una malattia rara la cui diagnosi \u00e8 basata sull&#8217;esame istologico degli organi interessati (ad esempio, la cute). In ogni caso, il medico provvede inizialmente ad una visita [&hellip;]<\/p>\n","protected":false},"author":1,"featured_media":0,"parent":0,"menu_order":0,"comment_status":"closed","ping_status":"closed","template":"full-width.php","meta":[],"yoast_head":"<!-- This site is optimized with the Yoast SEO plugin v18.4.1 - https:\/\/yoast.com\/wordpress\/plugins\/seo\/ -->\r\n<title>TRIPTASI | ASIMAS | Associazione Italiana Mastocitosi<\/title>\r\n<meta name=\"description\" content=\"La triptasi, nei pazienti affetti da mastocitosi, \u00e8 un enzima prodotto pressoch\u00e9 esclusivamente dai mastociti. Nel caso in cui i livelli...\" \/>\r\n<meta name=\"robots\" content=\"index, follow, max-snippet:-1, max-image-preview:large, max-video-preview:-1\" \/>\r\n<link rel=\"canonical\" href=\"https:\/\/www.asimas.it\/new_asimas\/triptasi-mastocitosi\/\" \/>\r\n<meta property=\"og:locale\" content=\"it_IT\" \/>\r\n<meta property=\"og:type\" content=\"article\" \/>\r\n<meta property=\"og:title\" content=\"TRIPTASI | ASIMAS | Associazione Italiana Mastocitosi\" \/>\r\n<meta property=\"og:description\" content=\"La triptasi, nei pazienti affetti da mastocitosi, \u00e8 un enzima prodotto pressoch\u00e9 esclusivamente dai mastociti. Nel caso in cui i livelli...\" \/>\r\n<meta property=\"og:url\" content=\"https:\/\/www.asimas.it\/new_asimas\/triptasi-mastocitosi\/\" \/>\r\n<meta property=\"og:site_name\" content=\"Asimas\" \/>\r\n<meta property=\"article:modified_time\" content=\"2022-09-13T14:53:48+00:00\" \/>\r\n<meta property=\"og:image\" content=\"http:\/\/www.asimas.it\/new_asimas\/wp-content\/uploads\/2019\/05\/divider.jpg\" \/>\r\n<meta name=\"twitter:card\" content=\"summary_large_image\" \/>\r\n<meta name=\"twitter:label1\" content=\"Tempo di lettura stimato\" \/>\n\t<meta name=\"twitter:data1\" content=\"3 minuti\" \/>\r\n<script type=\"application\/ld+json\" class=\"yoast-schema-graph\">{\"@context\":\"https:\/\/schema.org\",\"@graph\":[{\"@type\":\"Organization\",\"@id\":\"https:\/\/www.asimas.it\/new_asimas\/#organization\",\"name\":\"ASIMAS - Associazione Italiana Mastocitosi\",\"url\":\"https:\/\/www.asimas.it\/new_asimas\/\",\"sameAs\":[],\"logo\":{\"@type\":\"ImageObject\",\"@id\":\"https:\/\/www.asimas.it\/new_asimas\/#logo\",\"inLanguage\":\"it-IT\",\"url\":\"https:\/\/www.asimas.it\/new_asimas\/wp-content\/uploads\/2019\/04\/logo-asimas.png\",\"contentUrl\":\"https:\/\/www.asimas.it\/new_asimas\/wp-content\/uploads\/2019\/04\/logo-asimas.png\",\"width\":240,\"height\":240,\"caption\":\"ASIMAS - Associazione Italiana Mastocitosi\"},\"image\":{\"@id\":\"https:\/\/www.asimas.it\/new_asimas\/#logo\"}},{\"@type\":\"WebSite\",\"@id\":\"https:\/\/www.asimas.it\/new_asimas\/#website\",\"url\":\"https:\/\/www.asimas.it\/new_asimas\/\",\"name\":\"Asimas\",\"description\":\"Associazione Italiana Mastocitosi\",\"publisher\":{\"@id\":\"https:\/\/www.asimas.it\/new_asimas\/#organization\"},\"potentialAction\":[{\"@type\":\"SearchAction\",\"target\":{\"@type\":\"EntryPoint\",\"urlTemplate\":\"https:\/\/www.asimas.it\/new_asimas\/?s={search_term_string}\"},\"query-input\":\"required name=search_term_string\"}],\"inLanguage\":\"it-IT\"},{\"@type\":\"ImageObject\",\"@id\":\"https:\/\/www.asimas.it\/new_asimas\/triptasi-mastocitosi\/#primaryimage\",\"inLanguage\":\"it-IT\",\"url\":\"https:\/\/www.asimas.it\/new_asimas\/wp-content\/uploads\/2019\/05\/divider.jpg\",\"contentUrl\":\"https:\/\/www.asimas.it\/new_asimas\/wp-content\/uploads\/2019\/05\/divider.jpg\",\"width\":2009,\"height\":2},{\"@type\":\"WebPage\",\"@id\":\"https:\/\/www.asimas.it\/new_asimas\/triptasi-mastocitosi\/#webpage\",\"url\":\"https:\/\/www.asimas.it\/new_asimas\/triptasi-mastocitosi\/\",\"name\":\"TRIPTASI | ASIMAS | Associazione Italiana Mastocitosi\",\"isPartOf\":{\"@id\":\"https:\/\/www.asimas.it\/new_asimas\/#website\"},\"primaryImageOfPage\":{\"@id\":\"https:\/\/www.asimas.it\/new_asimas\/triptasi-mastocitosi\/#primaryimage\"},\"datePublished\":\"2019-02-15T11:15:20+00:00\",\"dateModified\":\"2022-09-13T14:53:48+00:00\",\"description\":\"La triptasi, nei pazienti affetti da mastocitosi, \u00e8 un enzima prodotto pressoch\u00e9 esclusivamente dai mastociti. Nel caso in cui i livelli...\",\"breadcrumb\":{\"@id\":\"https:\/\/www.asimas.it\/new_asimas\/triptasi-mastocitosi\/#breadcrumb\"},\"inLanguage\":\"it-IT\",\"potentialAction\":[{\"@type\":\"ReadAction\",\"target\":[\"https:\/\/www.asimas.it\/new_asimas\/triptasi-mastocitosi\/\"]}]},{\"@type\":\"BreadcrumbList\",\"@id\":\"https:\/\/www.asimas.it\/new_asimas\/triptasi-mastocitosi\/#breadcrumb\",\"itemListElement\":[{\"@type\":\"ListItem\",\"position\":1,\"name\":\"Home\",\"item\":\"https:\/\/www.asimas.it\/new_asimas\/\"},{\"@type\":\"ListItem\",\"position\":2,\"name\":\"LA TRIPTASI\"}]}]}<\/script>\r\n<!-- \/ Yoast SEO plugin. -->","yoast_head_json":{"title":"TRIPTASI | ASIMAS | Associazione Italiana Mastocitosi","description":"La triptasi, nei pazienti affetti da mastocitosi, \u00e8 un enzima prodotto pressoch\u00e9 esclusivamente dai mastociti. Nel caso in cui i livelli...","robots":{"index":"index","follow":"follow","max-snippet":"max-snippet:-1","max-image-preview":"max-image-preview:large","max-video-preview":"max-video-preview:-1"},"canonical":"https:\/\/www.asimas.it\/new_asimas\/triptasi-mastocitosi\/","og_locale":"it_IT","og_type":"article","og_title":"TRIPTASI | ASIMAS | Associazione Italiana Mastocitosi","og_description":"La triptasi, nei pazienti affetti da mastocitosi, \u00e8 un enzima prodotto pressoch\u00e9 esclusivamente dai mastociti. Nel caso in cui i livelli...","og_url":"https:\/\/www.asimas.it\/new_asimas\/triptasi-mastocitosi\/","og_site_name":"Asimas","article_modified_time":"2022-09-13T14:53:48+00:00","og_image":[{"url":"http:\/\/www.asimas.it\/new_asimas\/wp-content\/uploads\/2019\/05\/divider.jpg"}],"twitter_card":"summary_large_image","twitter_misc":{"Tempo di lettura stimato":"3 minuti"},"schema":{"@context":"https:\/\/schema.org","@graph":[{"@type":"Organization","@id":"https:\/\/www.asimas.it\/new_asimas\/#organization","name":"ASIMAS - Associazione Italiana Mastocitosi","url":"https:\/\/www.asimas.it\/new_asimas\/","sameAs":[],"logo":{"@type":"ImageObject","@id":"https:\/\/www.asimas.it\/new_asimas\/#logo","inLanguage":"it-IT","url":"https:\/\/www.asimas.it\/new_asimas\/wp-content\/uploads\/2019\/04\/logo-asimas.png","contentUrl":"https:\/\/www.asimas.it\/new_asimas\/wp-content\/uploads\/2019\/04\/logo-asimas.png","width":240,"height":240,"caption":"ASIMAS - Associazione Italiana Mastocitosi"},"image":{"@id":"https:\/\/www.asimas.it\/new_asimas\/#logo"}},{"@type":"WebSite","@id":"https:\/\/www.asimas.it\/new_asimas\/#website","url":"https:\/\/www.asimas.it\/new_asimas\/","name":"Asimas","description":"Associazione Italiana Mastocitosi","publisher":{"@id":"https:\/\/www.asimas.it\/new_asimas\/#organization"},"potentialAction":[{"@type":"SearchAction","target":{"@type":"EntryPoint","urlTemplate":"https:\/\/www.asimas.it\/new_asimas\/?s={search_term_string}"},"query-input":"required name=search_term_string"}],"inLanguage":"it-IT"},{"@type":"ImageObject","@id":"https:\/\/www.asimas.it\/new_asimas\/triptasi-mastocitosi\/#primaryimage","inLanguage":"it-IT","url":"https:\/\/www.asimas.it\/new_asimas\/wp-content\/uploads\/2019\/05\/divider.jpg","contentUrl":"https:\/\/www.asimas.it\/new_asimas\/wp-content\/uploads\/2019\/05\/divider.jpg","width":2009,"height":2},{"@type":"WebPage","@id":"https:\/\/www.asimas.it\/new_asimas\/triptasi-mastocitosi\/#webpage","url":"https:\/\/www.asimas.it\/new_asimas\/triptasi-mastocitosi\/","name":"TRIPTASI | ASIMAS | Associazione Italiana Mastocitosi","isPartOf":{"@id":"https:\/\/www.asimas.it\/new_asimas\/#website"},"primaryImageOfPage":{"@id":"https:\/\/www.asimas.it\/new_asimas\/triptasi-mastocitosi\/#primaryimage"},"datePublished":"2019-02-15T11:15:20+00:00","dateModified":"2022-09-13T14:53:48+00:00","description":"La triptasi, nei pazienti affetti da mastocitosi, \u00e8 un enzima prodotto pressoch\u00e9 esclusivamente dai mastociti. Nel caso in cui i livelli...","breadcrumb":{"@id":"https:\/\/www.asimas.it\/new_asimas\/triptasi-mastocitosi\/#breadcrumb"},"inLanguage":"it-IT","potentialAction":[{"@type":"ReadAction","target":["https:\/\/www.asimas.it\/new_asimas\/triptasi-mastocitosi\/"]}]},{"@type":"BreadcrumbList","@id":"https:\/\/www.asimas.it\/new_asimas\/triptasi-mastocitosi\/#breadcrumb","itemListElement":[{"@type":"ListItem","position":1,"name":"Home","item":"https:\/\/www.asimas.it\/new_asimas\/"},{"@type":"ListItem","position":2,"name":"LA TRIPTASI"}]}]}},"_links":{"self":[{"href":"https:\/\/www.asimas.it\/new_asimas\/wp-json\/wp\/v2\/pages\/625"}],"collection":[{"href":"https:\/\/www.asimas.it\/new_asimas\/wp-json\/wp\/v2\/pages"}],"about":[{"href":"https:\/\/www.asimas.it\/new_asimas\/wp-json\/wp\/v2\/types\/page"}],"author":[{"embeddable":true,"href":"https:\/\/www.asimas.it\/new_asimas\/wp-json\/wp\/v2\/users\/1"}],"replies":[{"embeddable":true,"href":"https:\/\/www.asimas.it\/new_asimas\/wp-json\/wp\/v2\/comments?post=625"}],"version-history":[{"count":2,"href":"https:\/\/www.asimas.it\/new_asimas\/wp-json\/wp\/v2\/pages\/625\/revisions"}],"predecessor-version":[{"id":1802,"href":"https:\/\/www.asimas.it\/new_asimas\/wp-json\/wp\/v2\/pages\/625\/revisions\/1802"}],"wp:attachment":[{"href":"https:\/\/www.asimas.it\/new_asimas\/wp-json\/wp\/v2\/media?parent=625"}],"curies":[{"name":"wp","href":"https:\/\/api.w.org\/{rel}","templated":true}]}}