{"id":494,"date":"2019-02-12T15:50:51","date_gmt":"2019-02-12T15:50:51","guid":{"rendered":"http:\/\/127.0.0.1:8080\/wordpress\/?page_id=494"},"modified":"2026-03-03T15:22:03","modified_gmt":"2026-03-03T14:22:03","slug":"donazioni","status":"publish","type":"page","link":"https:\/\/www.asimas.it\/new_asimas\/donazioni\/","title":{"rendered":"Donazioni"},"content":{"rendered":"<div id=\"pl-494\"  class=\"panel-layout\" ><div id=\"pg-494-0\"  class=\"panel-grid panel-no-style\" ><div id=\"pgc-494-0-0\"  class=\"panel-grid-cell panel-grid-cell-empty\" ><\/div><\/div><div id=\"pg-494-1\"  class=\"panel-grid panel-no-style\" ><div id=\"pgc-494-1-0\"  class=\"panel-grid-cell\" ><div id=\"panel-494-1-0-0\" class=\"so-panel widget widget_sow-editor panel-first-child\" data-index=\"0\" ><div\n\t\t\t\n\t\t\tclass=\"so-widget-sow-editor so-widget-sow-editor-base\"\n\t\t\t\n\t\t>\n<div class=\"siteorigin-widget-tinymce textwidget\">\n\t<h1 style=\"text-align: center;\"><strong>La ASIMAS \u00e8 un\u2019associazione ODV<\/strong><\/h1>\n<h2 class=\"p1\" style=\"text-align: center;\">Un\u2019associazione ODV ha soprattutto questi due fondamentali vantaggi:<\/h2>\n<\/div>\n<\/div><\/div><div id=\"panel-494-1-0-1\" class=\"so-panel widget widget_sow-editor\" data-index=\"1\" ><div\n\t\t\t\n\t\t\tclass=\"so-widget-sow-editor so-widget-sow-editor-base\"\n\t\t\t\n\t\t><h3 class=\"widget-title\">1) Poter avere un beneficio fiscale per chi fa una donazione alla associazione:<\/h3>\n<div class=\"siteorigin-widget-tinymce textwidget\">\n\t<p align=\"justify\">\n<table border=\"1\" width=\"97%\">\n<tbody>\n<tr>\n<td width=\"54%\"><span style=\"color: #000000;\"><strong>per UNA PERSONA FISICA<\/strong><\/span><\/td>\n<td width=\"46%\"><span style=\"color: #000000;\"><strong>per UNA SOCIETA\u2019 (SRL, SPA)<\/strong><\/span><\/td>\n<\/tr>\n<tr>\n<td width=\"54%\">nell\u2019 anno corrente versa una somma di denaro alla associazione pu\u00f2 usufruire di\u00a0<strong><span style=\"color: #ff0000;\">detrazioni di imposta\u00a0<\/span><\/strong>(19% di max 2.065,83 \u20ac) oppure, a sua scelta, di deduzione dal reddito (10% del reddito fino a 70.000 \u20ac).<\/td>\n<td width=\"46%\">la donazione\u00a0<span style=\"color: #ff0000;\"><strong>\u00e8 deducibile<\/strong><\/span>\u00a0fino al 2% del reddito o, comunque, fino a 2.065,85 \u20ac oppure, a sua scelta, fino al 10% del reddito entro un massimo di 70.000 \u20ac).<\/td>\n<\/tr>\n<\/tbody>\n<\/table>\n<p align=\"justify\">\n<\/div>\n<\/div><\/div><div id=\"panel-494-1-0-2\" class=\"so-panel widget widget_sow-editor panel-last-child\" data-index=\"2\" ><div\n\t\t\t\n\t\t\tclass=\"so-widget-sow-editor so-widget-sow-editor-base\"\n\t\t\t\n\t\t><h3 class=\"widget-title\">2) poter partecipare alla destinazione del 5 x mille per la dichiarazione dei redditi:<\/h3>\n<div class=\"siteorigin-widget-tinymce textwidget\">\n\t<p align=\"justify\">Dal 2008 c\u2019\u00e8 una opportunit\u00e0 in pi\u00f9 per aiutare tutte le persone affette da mastocitosi: destinare il 5 per mille dell\u2019IRPEF alla nostra Associazione.<\/p>\n<p>Dalla Finanziaria 2008 e' prevista, infatti, la possibilit\u00e0 di devolvere il 5 per mille delle proprie imposte (comunque dovute) a favore di una serie di realt\u00e0 di cui \u00e8 stata riconosciuta l\u2019utilit\u00e0 sociale. Da oggi anche noi della ASIMAS Associazione Italiana Mastocitosi ODV <span style=\"color: #000000;\">siamo fra queste.<\/span><\/p>\n<\/div>\n<\/div><\/div><\/div><\/div><div id=\"pg-494-2\"  class=\"panel-grid panel-no-style\" ><div id=\"pgc-494-2-0\"  class=\"panel-grid-cell\" ><div id=\"panel-494-2-0-0\" class=\"so-panel widget widget_sow-editor panel-first-child panel-last-child\" data-index=\"3\" ><div\n\t\t\t\n\t\t\tclass=\"so-widget-sow-editor so-widget-sow-editor-base\"\n\t\t\t\n\t\t>\n<div class=\"siteorigin-widget-tinymce textwidget\">\n\t<p align=\"justify\"><img loading=\"lazy\" class=\"alignright\" src=\"http:\/\/www.asimas.it\/home\/immagini\/5x1000_460.gif\" width=\"442\" height=\"179\" \/><\/p>\n<\/div>\n<\/div><\/div><\/div><div id=\"pgc-494-2-1\"  class=\"panel-grid-cell\" ><div id=\"panel-494-2-1-0\" class=\"so-panel widget widget_sow-editor panel-first-child panel-last-child\" data-index=\"4\" ><div\n\t\t\t\n\t\t\tclass=\"so-widget-sow-editor so-widget-sow-editor-base\"\n\t\t\t\n\t\t>\n<div class=\"siteorigin-widget-tinymce textwidget\">\n\t<p>&nbsp;<\/p>\n<p style=\"text-align: left;\">A te non costa nulla: nella prossima dichiarazione dei redditi sar\u00e0 sufficiente apporre la tua firma e l'indicazione del nostro codice fiscale\u00a0<span style=\"color: #ff0000;\"><strong>91025340471<\/strong><\/span>\u00a0nello spazio previsto per l\u2019opzione 5 per mille a \"<span class=\"style3\">sostegno del volontariato e delle altre associazioni non lucrative - legge 460 del 1997<\/span>\u00a0\u201d.<\/p>\n<\/div>\n<\/div><\/div><\/div><\/div><div id=\"pg-494-3\"  class=\"panel-grid panel-no-style\" ><div id=\"pgc-494-3-0\"  class=\"panel-grid-cell\" ><div id=\"panel-494-3-0-0\" class=\"so-panel widget widget_sow-editor panel-first-child panel-last-child\" data-index=\"5\" ><div\n\t\t\t\n\t\t\tclass=\"so-widget-sow-editor so-widget-sow-editor-base\"\n\t\t\t\n\t\t>\n<div class=\"siteorigin-widget-tinymce textwidget\">\n\t<p>La scelta di destinazione del 5 per mille e quella dell\u20198 per mille, destinato alle organizzazioni religiose, non sono in alcun modo alternative fra loro<\/p>\n<p><img loading=\"lazy\" class=\"alignnone size-full wp-image-1357\" src=\"http:\/\/www.asimas.it\/new_asimas\/wp-content\/uploads\/2019\/05\/divider.jpg\" alt=\"\" width=\"2009\" height=\"2\" srcset=\"https:\/\/www.asimas.it\/new_asimas\/wp-content\/uploads\/2019\/05\/divider.jpg 2009w, https:\/\/www.asimas.it\/new_asimas\/wp-content\/uploads\/2019\/05\/divider-150x2.jpg 150w, https:\/\/www.asimas.it\/new_asimas\/wp-content\/uploads\/2019\/05\/divider-300x1.jpg 300w, https:\/\/www.asimas.it\/new_asimas\/wp-content\/uploads\/2019\/05\/divider-768x1.jpg 768w, https:\/\/www.asimas.it\/new_asimas\/wp-content\/uploads\/2019\/05\/divider-1024x1.jpg 1024w, https:\/\/www.asimas.it\/new_asimas\/wp-content\/uploads\/2019\/05\/divider-600x2.jpg 600w, https:\/\/www.asimas.it\/new_asimas\/wp-content\/uploads\/2019\/05\/divider-240x2.jpg 240w, https:\/\/www.asimas.it\/new_asimas\/wp-content\/uploads\/2019\/05\/divider-272x2.jpg 272w\" sizes=\"(max-width: 2009px) 100vw, 2009px\" \/><\/p>\n<\/div>\n<\/div><\/div><\/div><\/div><div id=\"pg-494-4\"  class=\"panel-grid panel-no-style\" ><div id=\"pgc-494-4-0\"  class=\"panel-grid-cell\" ><div id=\"panel-494-4-0-0\" class=\"so-panel widget widget_sow-editor panel-first-child panel-last-child\" data-index=\"6\" ><div\n\t\t\t\n\t\t\tclass=\"so-widget-sow-editor so-widget-sow-editor-base\"\n\t\t\t\n\t\t><h3 class=\"widget-title\">I versamenti possono essere effettuati a mezzo di:<\/h3>\n<div class=\"siteorigin-widget-tinymce textwidget\">\n\t<p style=\"text-align: left;\">Conto corrente bancario\u00a0<span class=\"style2\">Banca Intesa<\/span><br \/>\n<strong>IBAN IT63Q0306909606100000148866<\/strong><\/p>\n<p style=\"text-align: left;\">Intestati a:<\/p>\n<p style=\"text-align: left;\"><span class=\"style2\"><strong>ASIMAS Associazione Italiana Mastocitosi<\/strong> <strong>ODV<\/strong><br \/>\nVia Trento, 11 Nichelino - 10042 Torino<\/span><br \/>\n<strong>c.f .91025340471<\/strong><\/p>\n<\/div>\n<\/div><\/div><\/div><div id=\"pgc-494-4-1\"  class=\"panel-grid-cell panel-grid-cell-empty\" ><\/div><div id=\"pgc-494-4-2\"  class=\"panel-grid-cell\" ><div id=\"panel-494-4-2-0\" class=\"so-panel widget widget_sow-editor panel-first-child panel-last-child\" data-index=\"7\" ><div\n\t\t\t\n\t\t\tclass=\"so-widget-sow-editor so-widget-sow-editor-base\"\n\t\t\t\n\t\t><h3 class=\"widget-title\">Attenzione:<\/h3>\n<div class=\"siteorigin-widget-tinymce textwidget\">\n\t<p style=\"text-align: left;\" align=\"center\">La lettera di ringraziamento che viene inviata dopo ogni donazione non \u00e8 pi\u00f9 un documento valido ai fini fiscali; occorrer\u00e0 attendere l\u2019attestazione di fine anno.<\/p>\n<p style=\"text-align: left;\" align=\"center\">IMPORTANTE: SENZA I TUOI DATI COMPLETI, CODICE FISCALE INCLUSO, NON CI SARA' POSSIBILE INVIARE L\u2019ATTESTAZIONE.<\/p>\n<\/div>\n<\/div><\/div><\/div><\/div><div id=\"pg-494-5\"  class=\"panel-grid panel-no-style\" ><div id=\"pgc-494-5-0\"  class=\"panel-grid-cell panel-grid-cell-empty panel-grid-cell-mobile-last\" ><\/div><div id=\"pgc-494-5-1\"  class=\"panel-grid-cell panel-grid-cell-empty\" ><\/div><\/div><div id=\"pg-494-6\"  class=\"panel-grid panel-no-style\" ><div id=\"pgc-494-6-0\"  class=\"panel-grid-cell\" ><div id=\"panel-494-6-0-0\" class=\"so-panel widget widget_sow-editor panel-first-child panel-last-child\" data-index=\"8\" ><div\n\t\t\t\n\t\t\tclass=\"so-widget-sow-editor so-widget-sow-editor-base\"\n\t\t\t\n\t\t>\n<div class=\"siteorigin-widget-tinymce textwidget\">\n\t<div align=\"center\"><\/div>\n<div align=\"center\"><span style=\"color: #ff0000;\"><strong>CHE TU SIA SOCIO O DONATORE <\/strong><\/span><strong><span style=\"color: #ff0000;\">GRAZIE PER IL TUO AIUTO!<\/span><\/strong><\/div>\n<p style=\"text-align: left;\" align=\"center\">Se vuoi rendere pi\u00f9 semplice e meno costosa la nostra comunicazione con Te, invia un mail con i tuoi dati a\u00a0<a href=\"mailto:segreteria@asimas.it\">segreteria@asimas.it<\/a>consentendoci di acquisire il tuo indirizzo di posta elettronica in modo da poterlo usare per le successive comunicazioni<\/p>\n<p align=\"center\"><img loading=\"lazy\" class=\"alignnone size-full wp-image-1357\" src=\"http:\/\/www.asimas.it\/new_asimas\/wp-content\/uploads\/2019\/05\/divider.jpg\" alt=\"\" width=\"2009\" height=\"2\" srcset=\"https:\/\/www.asimas.it\/new_asimas\/wp-content\/uploads\/2019\/05\/divider.jpg 2009w, https:\/\/www.asimas.it\/new_asimas\/wp-content\/uploads\/2019\/05\/divider-150x2.jpg 150w, https:\/\/www.asimas.it\/new_asimas\/wp-content\/uploads\/2019\/05\/divider-300x1.jpg 300w, https:\/\/www.asimas.it\/new_asimas\/wp-content\/uploads\/2019\/05\/divider-768x1.jpg 768w, https:\/\/www.asimas.it\/new_asimas\/wp-content\/uploads\/2019\/05\/divider-1024x1.jpg 1024w, https:\/\/www.asimas.it\/new_asimas\/wp-content\/uploads\/2019\/05\/divider-600x2.jpg 600w, https:\/\/www.asimas.it\/new_asimas\/wp-content\/uploads\/2019\/05\/divider-240x2.jpg 240w, https:\/\/www.asimas.it\/new_asimas\/wp-content\/uploads\/2019\/05\/divider-272x2.jpg 272w\" sizes=\"(max-width: 2009px) 100vw, 2009px\" \/><\/p>\n<p><em>Grazie di cuore a tutti coloro che ci hanno sostenuto in questi anni di attivit\u00e0 e a tutti quelli che si uniranno a noi nel percorso che abbiamo intrapreso per aiutare i malati di mastocitosi e sostenere la ricerca che \u00e8 l'unico mezzo per sperare di migliorare le condizioni di vita di tutti quelli che soffrono quotidianamente per questa rara malattia.<\/em><\/p>\n<p><em>Patrizia Marcis<\/em><\/p>\n<p><em>Presidente ASIMAS ODV<\/em><\/p>\n<p><img loading=\"lazy\" class=\"alignnone size-full wp-image-1357\" src=\"http:\/\/www.asimas.it\/new_asimas\/wp-content\/uploads\/2019\/05\/divider.jpg\" alt=\"\" width=\"2009\" height=\"2\" srcset=\"https:\/\/www.asimas.it\/new_asimas\/wp-content\/uploads\/2019\/05\/divider.jpg 2009w, https:\/\/www.asimas.it\/new_asimas\/wp-content\/uploads\/2019\/05\/divider-150x2.jpg 150w, https:\/\/www.asimas.it\/new_asimas\/wp-content\/uploads\/2019\/05\/divider-300x1.jpg 300w, https:\/\/www.asimas.it\/new_asimas\/wp-content\/uploads\/2019\/05\/divider-768x1.jpg 768w, https:\/\/www.asimas.it\/new_asimas\/wp-content\/uploads\/2019\/05\/divider-1024x1.jpg 1024w, https:\/\/www.asimas.it\/new_asimas\/wp-content\/uploads\/2019\/05\/divider-600x2.jpg 600w, https:\/\/www.asimas.it\/new_asimas\/wp-content\/uploads\/2019\/05\/divider-240x2.jpg 240w, https:\/\/www.asimas.it\/new_asimas\/wp-content\/uploads\/2019\/05\/divider-272x2.jpg 272w\" sizes=\"(max-width: 2009px) 100vw, 2009px\" \/><\/p>\n<\/div>\n<\/div><\/div><\/div><\/div><\/div>","protected":false},"excerpt":{"rendered":"<p>La ASIMAS \u00e8 un\u2019associazione ODV Un\u2019associazione ODV ha soprattutto questi due fondamentali vantaggi: per UNA PERSONA FISICA per UNA SOCIETA\u2019 (SRL, SPA) nell\u2019 anno corrente versa una somma di denaro [&hellip;]<\/p>\n","protected":false},"author":1,"featured_media":0,"parent":0,"menu_order":0,"comment_status":"closed","ping_status":"closed","template":"full-width.php","meta":[],"yoast_head":"<!-- This site is optimized with the Yoast SEO plugin v18.4.1 - https:\/\/yoast.com\/wordpress\/plugins\/seo\/ -->\r\n<title>Donazioni - Asimas<\/title>\r\n<meta name=\"description\" content=\"Dona ora e aiutaci a sostenere la ricerca, sostenendo il percorso che abbiamo intrapreso per aiutare i malati di mastocitosi.\" \/>\r\n<meta name=\"robots\" content=\"index, follow, max-snippet:-1, max-image-preview:large, max-video-preview:-1\" \/>\r\n<link rel=\"canonical\" href=\"https:\/\/www.asimas.it\/new_asimas\/donazioni\/\" \/>\r\n<meta property=\"og:locale\" content=\"it_IT\" \/>\r\n<meta property=\"og:type\" content=\"article\" \/>\r\n<meta property=\"og:title\" content=\"Donazioni - Asimas\" \/>\r\n<meta property=\"og:description\" content=\"Dona ora e aiutaci a sostenere la ricerca, sostenendo il percorso che abbiamo intrapreso per aiutare i malati di mastocitosi.\" \/>\r\n<meta property=\"og:url\" content=\"https:\/\/www.asimas.it\/new_asimas\/donazioni\/\" \/>\r\n<meta property=\"og:site_name\" content=\"Asimas\" \/>\r\n<meta property=\"article:modified_time\" content=\"2026-03-03T14:22:03+00:00\" \/>\r\n<meta property=\"og:image\" content=\"http:\/\/www.asimas.it\/home\/immagini\/5x1000_460.gif\" \/>\r\n<meta name=\"twitter:card\" content=\"summary_large_image\" \/>\r\n<meta name=\"twitter:label1\" content=\"Tempo di lettura stimato\" \/>\n\t<meta name=\"twitter:data1\" content=\"4 minuti\" \/>\r\n<script type=\"application\/ld+json\" class=\"yoast-schema-graph\">{\"@context\":\"https:\/\/schema.org\",\"@graph\":[{\"@type\":\"Organization\",\"@id\":\"https:\/\/www.asimas.it\/new_asimas\/#organization\",\"name\":\"ASIMAS - Associazione Italiana Mastocitosi\",\"url\":\"https:\/\/www.asimas.it\/new_asimas\/\",\"sameAs\":[],\"logo\":{\"@type\":\"ImageObject\",\"@id\":\"https:\/\/www.asimas.it\/new_asimas\/#logo\",\"inLanguage\":\"it-IT\",\"url\":\"https:\/\/www.asimas.it\/new_asimas\/wp-content\/uploads\/2019\/04\/logo-asimas.png\",\"contentUrl\":\"https:\/\/www.asimas.it\/new_asimas\/wp-content\/uploads\/2019\/04\/logo-asimas.png\",\"width\":240,\"height\":240,\"caption\":\"ASIMAS - Associazione Italiana Mastocitosi\"},\"image\":{\"@id\":\"https:\/\/www.asimas.it\/new_asimas\/#logo\"}},{\"@type\":\"WebSite\",\"@id\":\"https:\/\/www.asimas.it\/new_asimas\/#website\",\"url\":\"https:\/\/www.asimas.it\/new_asimas\/\",\"name\":\"Asimas\",\"description\":\"Associazione Italiana Mastocitosi\",\"publisher\":{\"@id\":\"https:\/\/www.asimas.it\/new_asimas\/#organization\"},\"potentialAction\":[{\"@type\":\"SearchAction\",\"target\":{\"@type\":\"EntryPoint\",\"urlTemplate\":\"https:\/\/www.asimas.it\/new_asimas\/?s={search_term_string}\"},\"query-input\":\"required name=search_term_string\"}],\"inLanguage\":\"it-IT\"},{\"@type\":\"ImageObject\",\"@id\":\"https:\/\/www.asimas.it\/new_asimas\/donazioni\/#primaryimage\",\"inLanguage\":\"it-IT\",\"url\":\"http:\/\/www.asimas.it\/home\/immagini\/5x1000_460.gif\",\"contentUrl\":\"http:\/\/www.asimas.it\/home\/immagini\/5x1000_460.gif\"},{\"@type\":\"WebPage\",\"@id\":\"https:\/\/www.asimas.it\/new_asimas\/donazioni\/#webpage\",\"url\":\"https:\/\/www.asimas.it\/new_asimas\/donazioni\/\",\"name\":\"Donazioni - Asimas\",\"isPartOf\":{\"@id\":\"https:\/\/www.asimas.it\/new_asimas\/#website\"},\"primaryImageOfPage\":{\"@id\":\"https:\/\/www.asimas.it\/new_asimas\/donazioni\/#primaryimage\"},\"datePublished\":\"2019-02-12T15:50:51+00:00\",\"dateModified\":\"2026-03-03T14:22:03+00:00\",\"description\":\"Dona ora e aiutaci a sostenere la ricerca, sostenendo il percorso che abbiamo intrapreso per aiutare i malati di mastocitosi.\",\"breadcrumb\":{\"@id\":\"https:\/\/www.asimas.it\/new_asimas\/donazioni\/#breadcrumb\"},\"inLanguage\":\"it-IT\",\"potentialAction\":[{\"@type\":\"ReadAction\",\"target\":[\"https:\/\/www.asimas.it\/new_asimas\/donazioni\/\"]}]},{\"@type\":\"BreadcrumbList\",\"@id\":\"https:\/\/www.asimas.it\/new_asimas\/donazioni\/#breadcrumb\",\"itemListElement\":[{\"@type\":\"ListItem\",\"position\":1,\"name\":\"Home\",\"item\":\"https:\/\/www.asimas.it\/new_asimas\/\"},{\"@type\":\"ListItem\",\"position\":2,\"name\":\"Donazioni\"}]}]}<\/script>\r\n<!-- \/ Yoast SEO plugin. -->","yoast_head_json":{"title":"Donazioni - Asimas","description":"Dona ora e aiutaci a sostenere la ricerca, sostenendo il percorso che abbiamo intrapreso per aiutare i malati di mastocitosi.","robots":{"index":"index","follow":"follow","max-snippet":"max-snippet:-1","max-image-preview":"max-image-preview:large","max-video-preview":"max-video-preview:-1"},"canonical":"https:\/\/www.asimas.it\/new_asimas\/donazioni\/","og_locale":"it_IT","og_type":"article","og_title":"Donazioni - Asimas","og_description":"Dona ora e aiutaci a sostenere la ricerca, sostenendo il percorso che abbiamo intrapreso per aiutare i malati di mastocitosi.","og_url":"https:\/\/www.asimas.it\/new_asimas\/donazioni\/","og_site_name":"Asimas","article_modified_time":"2026-03-03T14:22:03+00:00","og_image":[{"url":"http:\/\/www.asimas.it\/home\/immagini\/5x1000_460.gif"}],"twitter_card":"summary_large_image","twitter_misc":{"Tempo di lettura stimato":"4 minuti"},"schema":{"@context":"https:\/\/schema.org","@graph":[{"@type":"Organization","@id":"https:\/\/www.asimas.it\/new_asimas\/#organization","name":"ASIMAS - Associazione Italiana Mastocitosi","url":"https:\/\/www.asimas.it\/new_asimas\/","sameAs":[],"logo":{"@type":"ImageObject","@id":"https:\/\/www.asimas.it\/new_asimas\/#logo","inLanguage":"it-IT","url":"https:\/\/www.asimas.it\/new_asimas\/wp-content\/uploads\/2019\/04\/logo-asimas.png","contentUrl":"https:\/\/www.asimas.it\/new_asimas\/wp-content\/uploads\/2019\/04\/logo-asimas.png","width":240,"height":240,"caption":"ASIMAS - Associazione Italiana Mastocitosi"},"image":{"@id":"https:\/\/www.asimas.it\/new_asimas\/#logo"}},{"@type":"WebSite","@id":"https:\/\/www.asimas.it\/new_asimas\/#website","url":"https:\/\/www.asimas.it\/new_asimas\/","name":"Asimas","description":"Associazione Italiana Mastocitosi","publisher":{"@id":"https:\/\/www.asimas.it\/new_asimas\/#organization"},"potentialAction":[{"@type":"SearchAction","target":{"@type":"EntryPoint","urlTemplate":"https:\/\/www.asimas.it\/new_asimas\/?s={search_term_string}"},"query-input":"required name=search_term_string"}],"inLanguage":"it-IT"},{"@type":"ImageObject","@id":"https:\/\/www.asimas.it\/new_asimas\/donazioni\/#primaryimage","inLanguage":"it-IT","url":"http:\/\/www.asimas.it\/home\/immagini\/5x1000_460.gif","contentUrl":"http:\/\/www.asimas.it\/home\/immagini\/5x1000_460.gif"},{"@type":"WebPage","@id":"https:\/\/www.asimas.it\/new_asimas\/donazioni\/#webpage","url":"https:\/\/www.asimas.it\/new_asimas\/donazioni\/","name":"Donazioni - Asimas","isPartOf":{"@id":"https:\/\/www.asimas.it\/new_asimas\/#website"},"primaryImageOfPage":{"@id":"https:\/\/www.asimas.it\/new_asimas\/donazioni\/#primaryimage"},"datePublished":"2019-02-12T15:50:51+00:00","dateModified":"2026-03-03T14:22:03+00:00","description":"Dona ora e aiutaci a sostenere la ricerca, sostenendo il percorso che abbiamo intrapreso per aiutare i malati di mastocitosi.","breadcrumb":{"@id":"https:\/\/www.asimas.it\/new_asimas\/donazioni\/#breadcrumb"},"inLanguage":"it-IT","potentialAction":[{"@type":"ReadAction","target":["https:\/\/www.asimas.it\/new_asimas\/donazioni\/"]}]},{"@type":"BreadcrumbList","@id":"https:\/\/www.asimas.it\/new_asimas\/donazioni\/#breadcrumb","itemListElement":[{"@type":"ListItem","position":1,"name":"Home","item":"https:\/\/www.asimas.it\/new_asimas\/"},{"@type":"ListItem","position":2,"name":"Donazioni"}]}]}},"_links":{"self":[{"href":"https:\/\/www.asimas.it\/new_asimas\/wp-json\/wp\/v2\/pages\/494"}],"collection":[{"href":"https:\/\/www.asimas.it\/new_asimas\/wp-json\/wp\/v2\/pages"}],"about":[{"href":"https:\/\/www.asimas.it\/new_asimas\/wp-json\/wp\/v2\/types\/page"}],"author":[{"embeddable":true,"href":"https:\/\/www.asimas.it\/new_asimas\/wp-json\/wp\/v2\/users\/1"}],"replies":[{"embeddable":true,"href":"https:\/\/www.asimas.it\/new_asimas\/wp-json\/wp\/v2\/comments?post=494"}],"version-history":[{"count":53,"href":"https:\/\/www.asimas.it\/new_asimas\/wp-json\/wp\/v2\/pages\/494\/revisions"}],"predecessor-version":[{"id":5882,"href":"https:\/\/www.asimas.it\/new_asimas\/wp-json\/wp\/v2\/pages\/494\/revisions\/5882"}],"wp:attachment":[{"href":"https:\/\/www.asimas.it\/new_asimas\/wp-json\/wp\/v2\/media?parent=494"}],"curies":[{"name":"wp","href":"https:\/\/api.w.org\/{rel}","templated":true}]}}