{"id":4412,"date":"2023-04-22T17:50:43","date_gmt":"2023-04-22T15:50:43","guid":{"rendered":"https:\/\/www.asimas.it\/new_asimas\/?page_id=4412"},"modified":"2023-10-20T14:41:07","modified_gmt":"2023-10-20T12:41:07","slug":"la-vostra-voce","status":"publish","type":"page","link":"https:\/\/www.asimas.it\/new_asimas\/la-vostra-voce\/","title":{"rendered":"La vostra voce"},"content":{"rendered":"<div id=\"pl-4412\"  class=\"panel-layout\" ><div id=\"pg-4412-0\"  class=\"panel-grid panel-no-style\" ><div id=\"pgc-4412-0-0\"  class=\"panel-grid-cell\" ><div id=\"panel-4412-0-0-0\" class=\"so-panel widget widget_text panel-first-child\" data-index=\"0\" ><h3 class=\"widget-title\">Progetto: \u201dMastocitosi tra foto e parole\u201d di Andrea Candia<\/h3>\t\t\t<div class=\"textwidget\"><p>In occasione del 20 ottobre, giornata internazionale della mastocitosi e dei disordini mastocitari, presentazione del progetto: \u201dmastocitosi tra foto e parole\u201d<\/p>\n<p>Essere trapiantati con l\u2019innocenza dell\u2019ignoranza nel vastissimo universo delle malattie rare? A un certo punto essere messi di fronte al fatto che, per quanto non sia tragico, sia a vita? Quanta frustrazione pu\u00f2 generare l\u2019incontrollato\/bile di una malattia in un\u2019et\u00e0 in cui viene lasciato a molti \u2013 e inconsapevolmente \u2013 solo di splendere anche a livello estetico? Realizzare ed elaborare: il non potere tornare pi\u00f9 indietro, il fare un percorso controcorrente cutaneo senza la propria volont\u00e0, ecco, quali gabbie, quali paure, quali meccanismi pu\u00f2 generare e perpetuare? Quale dolore porta con s\u00e9?<\/p>\n<p><a href=\"https:\/\/www.asimas.it\/new_asimas\/progetto-mastocitosi-tra-foto-e-parole-andrea-candia\/\">Continua a leggere &gt;&gt;&gt;<\/a><\/p>\n<\/div>\n\t\t<\/div><div id=\"panel-4412-0-0-1\" class=\"so-panel widget widget_text\" data-index=\"1\" ><h3 class=\"widget-title\">Il mio colore preferito &#8211; Racconto di Rita Orgi<\/h3>\t\t\t<div class=\"textwidget\"><p style=\"font-weight: 400;\">Di recente, direi non pi\u00f9 tardi di un anno fa, mi sono resa conto di aver cambiato colore preferito. I miei beige e marron hanno lasciato il posto a tutte le tonalit\u00e0 del viola: ho comprato il cappotto viola, il costume da bagno viola, persino un copripiumino viola, i miei amici quando vedono qualcosa di viola lo immortalano per mandarmelo perch\u00e9 sanno che mi piacer\u00e0 e nel viaggio di Pasqua a Madrid mi hanno fatto mettere in posa davanti ad uno scooter viola per una foto mentre portavo un tailleur, nemmeno a dirlo&#8230; in tinta. Proprio in quest\u2019ultimo viaggio, il giorno stesso dell\u2019arrivo in Spagna avverto un fastidio al viso che pian piano con le ore diventa uno sfogo ampio e pruriginoso. Pensiamo ad una reazione allergica&#8230;<\/p>\n<p><a href=\"https:\/\/www.asimas.it\/new_asimas\/il-mio-colore-preferito\/\">Continua a leggere &gt;&gt;&gt;<\/a><\/p>\n<\/div>\n\t\t<\/div><div id=\"panel-4412-0-0-2\" class=\"so-panel widget widget_text\" data-index=\"2\" ><h3 class=\"widget-title\">Laura Gerardi &#8211; Il MASTOCITO ARRABBIATO e l\u2019Assemblea dei Soci (introduzione)<\/h3>\t\t\t<div class=\"textwidget\"><p style=\"font-weight: 400;\">TORINO 29 Aprile 2023<br \/>\n(con primo post informativo su luogo e ora Assemblea in data 18 marzo su Facebook)<\/p>\n<p>Oggi voglio condividere con Voi il percorso che ho fatto da malata spaventata, inconsapevole, vagante in un limbo dove trovavo risposte vaghe o peggio ancora contrastanti da chi mi avrebbe dovuto curare. Tralascio che sono nata nel 1973 con tutti i sintomi di mastocitosi indolente, forse prime cutanea ma il mio gene si \u00e8 modificato quasi sicuramente da bambina): nel novembre 2019 ebbi la diagnosi, dopo aver richiesto insistentemente due ricoveri in un Ospedale di Genova, con il seguente commento: \u201cnon si preoccupi Signora Gerardi, effettivamente aveva ragione a stare male, ma \u00e8 una malattia che ha delle cure e che le potr\u00e0 permettere di vivere una vita normale&#8230;<\/p>\n<p><a href=\"https:\/\/www.asimas.it\/new_asimas\/il-mastocito-arrabbiato-e-lassemblea-dei-soci-introduzione\/\">Continua a leggere &gt;&gt;&gt;<\/a><\/p>\n<\/div>\n\t\t<\/div><div id=\"panel-4412-0-0-3\" class=\"so-panel widget widget_text\" data-index=\"3\" ><h3 class=\"widget-title\">Racconto e testimonianza di Andrea De Candia<\/h3>\t\t\t<div class=\"textwidget\"><p>Era il 2014, avevo vent\u2019anni, ero al mare una nottata e il giorno dopo allo specchio ho visto delle macchie sulla schiena. Poco a poco si sono diffuse su gran parte corpo. Si possono con tutta probabilit\u00e0 diffondere anche internamente, colpendo anzitutto il midollo. Possibile, ma non certo, che sia accaduta in maniera acquisita una mutazione genetica. Importantissimo \u00e8 dire che non ci si deve rivolgere solo ai dermatologi, va fatta proprio la biopsia sottocutanea, poich\u00e9 l\u2019approccio alla diagnosi e al trattamento \u00e8 multidisciplinare, e, se proprio si pu\u00f2 privilegiare tra le diverse una figura medica specifica, questa \u00e8 l\u2019ematologo;<\/p>\n<p><a href=\"https:\/\/www.asimas.it\/new_asimas\/racconto-adrea-de-candia\/\">Continua a leggere &gt;&gt;&gt;<\/a><\/p>\n<\/div>\n\t\t<\/div><div id=\"panel-4412-0-0-4\" class=\"so-panel widget widget_text\" data-index=\"4\" ><h3 class=\"widget-title\">Video testimonianza di Giorgia Piccione<\/h3>\t\t\t<div class=\"textwidget\"><p>Nell\u2019ultimo anno abbiamo visto il paziente negli ambulatori di Verona e Catania, un viaggio che accomuna un po\u2019 tutti i malati di mastocitosi negli innumerevoli tentativi di trovare una risposta ai diversi sintomi che si presentano.Abbiamo ascoltato le difficolt\u00e0 di diagnosi direttamente dai medici, il mondo scientifico nelle interviste singole e doppie, alcune durante i congressi pi\u00f9 autorevoli dell\u2019ematologia ed allergologia.<br \/>\nGrazie Giorgia per la tua collaborazione e per le tue parole che ancora una volta arrivano dritte al cuore!<\/p>\n<p><a href=\"https:\/\/www.asimas.it\/new_asimas\/video-testimonianza-di-giorgia-piccione\/\">Guarda il video &gt;&gt;&gt;<\/a><\/p>\n<\/div>\n\t\t<\/div><div id=\"panel-4412-0-0-5\" class=\"so-panel widget widget_text\" data-index=\"5\" ><h3 class=\"widget-title\">Racconto di Laura Gerardi &#8211; Parte terza &#8211; IL MASTOCITA ARRABBIATO<\/h3>\t\t\t<div class=\"textwidget\"><p>Forse questa parte non vale per tutti ma per chi ha gi\u00e0 provato cocktail vitamici che &#8220;sfiorano l&#8217;illegalit\u00e0&#8221;, sostanze vegetali conosciute da antichi popoli in via di estinzione, mantra mentali per non attivare stress, sperato di vincere un biglietto della lotteria che ci permetta di non lavorare, provato a delegare la &#8220;professione Mamma&#8221; nell&#8217;attesa di non doverci confrontare con qualunque pargolo al di sotto dei 20 anni, cercato di creare con il proprio partner un clima idilliaco e bucolico&#8230; etc<br \/>\n&#8230; Questa stanchezza che non ci abbandona mai e per cui \u00e8 come se ci muovessimo con il corpo (se ci va bene), con la mente quando i valori di istamina sono troppi alti nel sangue, con qualcosa di appiccicoso addosso con qualcosa di \u201cmelmotoso\u201d (in un mondo che sfoggia parole nuove ogni giorno, mi prendo la licenza poetica di esserci anche io) che ci rallenta tutto, che ci attutisce il mondo e l\u2019emozioni che ci circondano.<\/p>\n<p><a href=\"https:\/\/www.asimas.it\/new_asimas\/racconto-di-laura-gerardi-parte-terza-il-mastocita-arrabbiato\/\">Continua a leggere &gt;&gt;&gt;<\/a><\/p>\n<\/div>\n\t\t<\/div><div id=\"panel-4412-0-0-6\" class=\"so-panel widget widget_text\" data-index=\"6\" ><h3 class=\"widget-title\">Racconto di Laura Gerardi &#8211; Parte seconda &#8211; IL MASTOCITA ARRABBIATO<\/h3>\t\t\t<div class=\"textwidget\"><p>IL MASTOCITA ARRABBIATO (parte seconda)<\/p>\n<p>Cara Mastofamily, sono giorni che rifletto su ci\u00f2 che accomuna molti di Noi e che forse \u00e8 la parte pi\u00f9 insopportabile della nostra malattia o, per usare un termine politicamente corretto, della \u201cNostra Diversit\u00e0\u201d: la STANCHEZZA.<\/p>\n<p>Purtroppo molti di Noi hanno una stanchezza cronica; penso che, nonostante tutto, riusciamo a superare le macchie, i dolori, le osteoporosi, le febbri e tutti gli annessi e connessi con una forza di volont\u00e0 mentale che, come tutti coloro che hanno il corpo che va in retro marcia, abbiamo fortificato e affinato negli anni. Tutto quello che riusciamo a fare alzandosi faticosamente dal letto \u00e8 per merito della nostra testa: ne siamo tutti consapevoli e penso che ognuno di noi ringrazi il fatto di avere, con cadute e rialzate, la mente forte.<\/p>\n<p><a href=\"https:\/\/www.asimas.it\/new_asimas\/racconto-di-laura-gerardi-parte-seconda-il-mastocita-arrabbiato\/\">Continua a leggere &gt;&gt;&gt;<\/a><\/p>\n<\/div>\n\t\t<\/div><div id=\"panel-4412-0-0-7\" class=\"so-panel widget widget_text panel-last-child\" data-index=\"7\" ><h3 class=\"widget-title\">Racconto di Laura Gerardi &#8211; Parte prima<\/h3>\t\t\t<div class=\"textwidget\"><p>Cara Mastofamily<br \/>\nMi chiamo Laura e ho una malattia rara, diagnosticata a novembre 2019. Non si vede e non te la far\u00f2 mai vedere: \u00e8 nel sangue. Ho delle cellule chiamate mastociti che un giorno si sono modificati geneticamente, non sappiamo quando ma sappiamo perch\u00e9: troppi eventi molto difficoltosi da reggere fisicamente e psicologicamente li hanno modificati; lo sa bene chi conosce tutta la mia vita e chi me l\u2019ha resa ancora pi\u00f9 difficoltosa, anche ora, nel momento in cui sto scrivendo.<\/p>\n<p><a href=\"https:\/\/www.asimas.it\/new_asimas\/racconto-di-laura-gerardi-parte-prima\/\">Continua a leggere &gt;&gt;&gt;<\/a><\/p>\n<\/div>\n\t\t<\/div><\/div><\/div><\/div>","protected":false},"excerpt":{"rendered":"<p>In occasione del 20 ottobre, giornata internazionale della mastocitosi e dei disordini mastocitari, presentazione del progetto: \u201dmastocitosi tra foto e parole\u201d Essere trapiantati con l\u2019innocenza dell\u2019ignoranza nel vastissimo universo delle [&hellip;]<\/p>\n","protected":false},"author":1,"featured_media":0,"parent":0,"menu_order":0,"comment_status":"closed","ping_status":"closed","template":"","meta":[],"yoast_head":"<!-- This site is optimized with the Yoast SEO plugin v18.4.1 - https:\/\/yoast.com\/wordpress\/plugins\/seo\/ -->\r\n<title>La vostra voce - Asimas<\/title>\r\n<meta name=\"robots\" content=\"index, follow, max-snippet:-1, max-image-preview:large, max-video-preview:-1\" \/>\r\n<link rel=\"canonical\" href=\"http:\/\/www.asimas.it\/new_asimas\/la-vostra-voce\/\" \/>\r\n<meta property=\"og:locale\" content=\"it_IT\" \/>\r\n<meta property=\"og:type\" content=\"article\" \/>\r\n<meta property=\"og:title\" content=\"La vostra voce - Asimas\" \/>\r\n<meta property=\"og:description\" content=\"In occasione del 20 ottobre, giornata internazionale della mastocitosi e dei disordini mastocitari, presentazione del progetto: \u201dmastocitosi tra foto e parole\u201d Essere trapiantati con l\u2019innocenza dell\u2019ignoranza nel vastissimo universo delle [&hellip;]\" \/>\r\n<meta property=\"og:url\" content=\"http:\/\/www.asimas.it\/new_asimas\/la-vostra-voce\/\" \/>\r\n<meta property=\"og:site_name\" content=\"Asimas\" \/>\r\n<meta property=\"article:modified_time\" content=\"2023-10-20T12:41:07+00:00\" \/>\r\n<meta name=\"twitter:card\" content=\"summary_large_image\" \/>\r\n<meta name=\"twitter:label1\" content=\"Tempo di lettura stimato\" \/>\n\t<meta name=\"twitter:data1\" content=\"5 minuti\" \/>\r\n<script type=\"application\/ld+json\" class=\"yoast-schema-graph\">{\"@context\":\"https:\/\/schema.org\",\"@graph\":[{\"@type\":\"Organization\",\"@id\":\"https:\/\/www.asimas.it\/new_asimas\/#organization\",\"name\":\"ASIMAS - Associazione Italiana Mastocitosi\",\"url\":\"https:\/\/www.asimas.it\/new_asimas\/\",\"sameAs\":[],\"logo\":{\"@type\":\"ImageObject\",\"@id\":\"https:\/\/www.asimas.it\/new_asimas\/#logo\",\"inLanguage\":\"it-IT\",\"url\":\"https:\/\/www.asimas.it\/new_asimas\/wp-content\/uploads\/2019\/04\/logo-asimas.png\",\"contentUrl\":\"https:\/\/www.asimas.it\/new_asimas\/wp-content\/uploads\/2019\/04\/logo-asimas.png\",\"width\":240,\"height\":240,\"caption\":\"ASIMAS - Associazione Italiana Mastocitosi\"},\"image\":{\"@id\":\"https:\/\/www.asimas.it\/new_asimas\/#logo\"}},{\"@type\":\"WebSite\",\"@id\":\"https:\/\/www.asimas.it\/new_asimas\/#website\",\"url\":\"https:\/\/www.asimas.it\/new_asimas\/\",\"name\":\"Asimas\",\"description\":\"Associazione Italiana Mastocitosi\",\"publisher\":{\"@id\":\"https:\/\/www.asimas.it\/new_asimas\/#organization\"},\"potentialAction\":[{\"@type\":\"SearchAction\",\"target\":{\"@type\":\"EntryPoint\",\"urlTemplate\":\"https:\/\/www.asimas.it\/new_asimas\/?s={search_term_string}\"},\"query-input\":\"required name=search_term_string\"}],\"inLanguage\":\"it-IT\"},{\"@type\":\"WebPage\",\"@id\":\"http:\/\/www.asimas.it\/new_asimas\/la-vostra-voce\/#webpage\",\"url\":\"http:\/\/www.asimas.it\/new_asimas\/la-vostra-voce\/\",\"name\":\"La vostra voce - Asimas\",\"isPartOf\":{\"@id\":\"https:\/\/www.asimas.it\/new_asimas\/#website\"},\"datePublished\":\"2023-04-22T15:50:43+00:00\",\"dateModified\":\"2023-10-20T12:41:07+00:00\",\"breadcrumb\":{\"@id\":\"http:\/\/www.asimas.it\/new_asimas\/la-vostra-voce\/#breadcrumb\"},\"inLanguage\":\"it-IT\",\"potentialAction\":[{\"@type\":\"ReadAction\",\"target\":[\"http:\/\/www.asimas.it\/new_asimas\/la-vostra-voce\/\"]}]},{\"@type\":\"BreadcrumbList\",\"@id\":\"http:\/\/www.asimas.it\/new_asimas\/la-vostra-voce\/#breadcrumb\",\"itemListElement\":[{\"@type\":\"ListItem\",\"position\":1,\"name\":\"Home\",\"item\":\"https:\/\/www.asimas.it\/new_asimas\/\"},{\"@type\":\"ListItem\",\"position\":2,\"name\":\"La vostra voce\"}]}]}<\/script>\r\n<!-- \/ Yoast SEO plugin. -->","yoast_head_json":{"title":"La vostra voce - Asimas","robots":{"index":"index","follow":"follow","max-snippet":"max-snippet:-1","max-image-preview":"max-image-preview:large","max-video-preview":"max-video-preview:-1"},"canonical":"http:\/\/www.asimas.it\/new_asimas\/la-vostra-voce\/","og_locale":"it_IT","og_type":"article","og_title":"La vostra voce - Asimas","og_description":"In occasione del 20 ottobre, giornata internazionale della mastocitosi e dei disordini mastocitari, presentazione del progetto: \u201dmastocitosi tra foto e parole\u201d Essere trapiantati con l\u2019innocenza dell\u2019ignoranza nel vastissimo universo delle [&hellip;]","og_url":"http:\/\/www.asimas.it\/new_asimas\/la-vostra-voce\/","og_site_name":"Asimas","article_modified_time":"2023-10-20T12:41:07+00:00","twitter_card":"summary_large_image","twitter_misc":{"Tempo di lettura stimato":"5 minuti"},"schema":{"@context":"https:\/\/schema.org","@graph":[{"@type":"Organization","@id":"https:\/\/www.asimas.it\/new_asimas\/#organization","name":"ASIMAS - Associazione Italiana Mastocitosi","url":"https:\/\/www.asimas.it\/new_asimas\/","sameAs":[],"logo":{"@type":"ImageObject","@id":"https:\/\/www.asimas.it\/new_asimas\/#logo","inLanguage":"it-IT","url":"https:\/\/www.asimas.it\/new_asimas\/wp-content\/uploads\/2019\/04\/logo-asimas.png","contentUrl":"https:\/\/www.asimas.it\/new_asimas\/wp-content\/uploads\/2019\/04\/logo-asimas.png","width":240,"height":240,"caption":"ASIMAS - Associazione Italiana Mastocitosi"},"image":{"@id":"https:\/\/www.asimas.it\/new_asimas\/#logo"}},{"@type":"WebSite","@id":"https:\/\/www.asimas.it\/new_asimas\/#website","url":"https:\/\/www.asimas.it\/new_asimas\/","name":"Asimas","description":"Associazione Italiana Mastocitosi","publisher":{"@id":"https:\/\/www.asimas.it\/new_asimas\/#organization"},"potentialAction":[{"@type":"SearchAction","target":{"@type":"EntryPoint","urlTemplate":"https:\/\/www.asimas.it\/new_asimas\/?s={search_term_string}"},"query-input":"required name=search_term_string"}],"inLanguage":"it-IT"},{"@type":"WebPage","@id":"http:\/\/www.asimas.it\/new_asimas\/la-vostra-voce\/#webpage","url":"http:\/\/www.asimas.it\/new_asimas\/la-vostra-voce\/","name":"La vostra voce - Asimas","isPartOf":{"@id":"https:\/\/www.asimas.it\/new_asimas\/#website"},"datePublished":"2023-04-22T15:50:43+00:00","dateModified":"2023-10-20T12:41:07+00:00","breadcrumb":{"@id":"http:\/\/www.asimas.it\/new_asimas\/la-vostra-voce\/#breadcrumb"},"inLanguage":"it-IT","potentialAction":[{"@type":"ReadAction","target":["http:\/\/www.asimas.it\/new_asimas\/la-vostra-voce\/"]}]},{"@type":"BreadcrumbList","@id":"http:\/\/www.asimas.it\/new_asimas\/la-vostra-voce\/#breadcrumb","itemListElement":[{"@type":"ListItem","position":1,"name":"Home","item":"https:\/\/www.asimas.it\/new_asimas\/"},{"@type":"ListItem","position":2,"name":"La vostra voce"}]}]}},"_links":{"self":[{"href":"https:\/\/www.asimas.it\/new_asimas\/wp-json\/wp\/v2\/pages\/4412"}],"collection":[{"href":"https:\/\/www.asimas.it\/new_asimas\/wp-json\/wp\/v2\/pages"}],"about":[{"href":"https:\/\/www.asimas.it\/new_asimas\/wp-json\/wp\/v2\/types\/page"}],"author":[{"embeddable":true,"href":"https:\/\/www.asimas.it\/new_asimas\/wp-json\/wp\/v2\/users\/1"}],"replies":[{"embeddable":true,"href":"https:\/\/www.asimas.it\/new_asimas\/wp-json\/wp\/v2\/comments?post=4412"}],"version-history":[{"count":10,"href":"https:\/\/www.asimas.it\/new_asimas\/wp-json\/wp\/v2\/pages\/4412\/revisions"}],"predecessor-version":[{"id":4777,"href":"https:\/\/www.asimas.it\/new_asimas\/wp-json\/wp\/v2\/pages\/4412\/revisions\/4777"}],"wp:attachment":[{"href":"https:\/\/www.asimas.it\/new_asimas\/wp-json\/wp\/v2\/media?parent=4412"}],"curies":[{"name":"wp","href":"https:\/\/api.w.org\/{rel}","templated":true}]}}