{"id":565,"date":"2019-02-14T12:17:54","date_gmt":"2019-02-14T12:17:54","guid":{"rendered":"http:\/\/127.0.0.1:8080\/wordpress\/?page_id=565"},"modified":"2022-09-13T14:06:08","modified_gmt":"2022-09-13T12:06:08","slug":"diagnosi-mastocitosi","status":"publish","type":"page","link":"http:\/\/www.asimas.it\/new_asimas\/diagnosi-mastocitosi\/","title":{"rendered":"LA DIAGNOSI"},"content":{"rendered":"<div id=\"pl-565\"  class=\"panel-layout\" ><div id=\"pg-565-0\"  class=\"panel-grid panel-no-style\" ><div id=\"pgc-565-0-0\"  class=\"panel-grid-cell\" ><div id=\"panel-565-0-0-0\" class=\"so-panel widget widget_sow-editor panel-first-child\" data-index=\"0\" ><div\n\t\t\t\n\t\t\tclass=\"so-widget-sow-editor so-widget-sow-editor-base\"\n\t\t\t\n\t\t>\n<div class=\"siteorigin-widget-tinymce textwidget\">\n\t<p>&nbsp;<\/p>\n<p>Per poter accedere a qualsiasi trattamento \u00e8 necessario avere una diagnosi. Proprio la rarit\u00e0 delle forme rende il percorso diagnostico pi\u00f9 difficile e lungo. Il tempo medio per avere una diagnosi, infatti, \u00e8 di 3,5 anni.<br \/>\nLa scarsit\u00e0 di percorsi assistenziali<br \/>\nIl decreto ministeriale 279\/2001 individua 581 malattie rare e 13 gruppi di malattie rare aventi diritto all\u2019esenzione per le prestazioni sanitarie correlate alla malattia e incluse nei livelli essenziali di assistenza.<br \/>\nLa diffusione disomogenea sul territorio di conoscenze e competenze in materia di malattie rare, unitamente a ragioni storiche, sociali e culturali, hanno determinato disuguaglianze anche marcate nello sviluppo e nell\u2019applicazione dei percorsi assistenziali<br \/>\ndelle malattie rare.<br \/>\nAndamento cronico e invalidante<br \/>\nL\u2019andamento cronico e invalidante delle malattie rare richiede il coinvolgimento di pi\u00f9 figure professionali: medico (data la complessit\u00e0 di molte malattie rare, spesso sono coinvolte diverse specializzazioni), infermiere, riabilitatore, assistente sociale, psicologo, etc. Il passaggio dall\u2019et\u00e0 pediatrica a quella adulta \u00e8 complicato per la mancanza di continuit\u00e0 nelle cure e del proseguimento di progetti assistenziali gi\u00e0 attivati.<\/p>\n<\/div>\n<\/div><\/div><div id=\"panel-565-0-0-1\" class=\"so-panel widget widget_sow-editor\" data-index=\"1\" ><div\n\t\t\t\n\t\t\tclass=\"so-widget-sow-editor so-widget-sow-editor-base\"\n\t\t\t\n\t\t><h3 class=\"widget-title\">IL NOSTRO PAESE<\/h3>\n<div class=\"siteorigin-widget-tinymce textwidget\">\n\t<p>Nel nostro Paese le stime variano da un minimo di 300mila fino a un milione di persone affette, a seconda delle fonti (stime regionali e nazionali) e delle definizioni di malattia utilizzate.<br \/>\nLa qualit\u00e0 della vita, le funzioni conservate e la sopravvivenza, nella maggior parte dei casi, sono del tutto insoddisfacenti.<br \/>\nCos\u00ec l\u2019assenza di un trattamento specifico, per molte malattie rare, capace di cambiare radicalmente la storia naturale di queste malattie si somma alla sofferenza umana, alla disabilit\u00e0 e alla morte, che esse producono.<\/p>\n<\/div>\n<\/div><\/div><div id=\"panel-565-0-0-2\" class=\"so-panel widget widget_sow-editor panel-last-child\" data-index=\"2\" ><div\n\t\t\t\n\t\t\tclass=\"so-widget-sow-editor so-widget-sow-editor-base\"\n\t\t\t\n\t\t><h3 class=\"widget-title\">IL RUOLO DELLA RICERCA<\/h3>\n<div class=\"siteorigin-widget-tinymce textwidget\">\n\t<p>Pi\u00f9 che mai, nel campo delle malattie rare la ricerca \u00e8 vita, poich\u00e9 si prefigge due obiettivi: scoprire le cause, per intervenire all\u2019origine, e identificare terapie che migliorano la sopravvivenza e la qualit\u00e0 di vita delle persone, con benefici indiretti sui \u201ccosti sociali\u201d per la collettivit\u00e0.<br \/>\nTuttavia la scarsa numerosit\u00e0 dei malati crea difficolt\u00e0 nella realizzazione di sperimentazioni<br \/>\ncliniche.<br \/>\n\u00c8 indubbio che la ricerca farmaceutica nel Paese progredisce anche grazie all\u2019impegno dei centri pubblici di eccellenza e dei ricercatori di livello internazionale, ma \u00e8 altrettanto certo che per renderla pi\u00f9 incisiva \u00e8 indispensabile un sempre maggiore coinvolgimento delle associazioni di pazienti (protocolli di sperimentazione e sostenibilit\u00e0 economica).<\/p>\n<\/div>\n<\/div><\/div><\/div><\/div><\/div>","protected":false},"excerpt":{"rendered":"<p>&nbsp; Per poter accedere a qualsiasi trattamento \u00e8 necessario avere una diagnosi. Proprio la rarit\u00e0 delle forme rende il percorso diagnostico pi\u00f9 difficile e lungo. Il tempo medio per avere [&hellip;]<\/p>\n","protected":false},"author":1,"featured_media":0,"parent":0,"menu_order":0,"comment_status":"closed","ping_status":"closed","template":"full-width.php","meta":[],"yoast_head":"<!-- This site is optimized with the Yoast SEO plugin v18.4.1 - https:\/\/yoast.com\/wordpress\/plugins\/seo\/ -->\r\n<title>Diagnosi della Mastocitosi | ASIMAS | Associazione Italiana Mastocitosi<\/title>\r\n<meta name=\"description\" content=\"Come arrivare alla diagnosi della Mastocitosi? ASIMAS svolge un ruolo importante, affidandosi ai migliori centri e medici in tutta Italia.\" \/>\r\n<meta name=\"robots\" content=\"index, follow, max-snippet:-1, max-image-preview:large, max-video-preview:-1\" \/>\r\n<link rel=\"canonical\" href=\"https:\/\/www.asimas.it\/new_asimas\/diagnosi-mastocitosi\/\" \/>\r\n<meta property=\"og:locale\" content=\"it_IT\" \/>\r\n<meta property=\"og:type\" content=\"article\" \/>\r\n<meta property=\"og:title\" content=\"Diagnosi della Mastocitosi | ASIMAS | Associazione Italiana Mastocitosi\" \/>\r\n<meta property=\"og:description\" content=\"Come arrivare alla diagnosi della Mastocitosi? ASIMAS svolge un ruolo importante, affidandosi ai migliori centri e medici in tutta Italia.\" \/>\r\n<meta property=\"og:url\" content=\"https:\/\/www.asimas.it\/new_asimas\/diagnosi-mastocitosi\/\" \/>\r\n<meta property=\"og:site_name\" content=\"Asimas\" \/>\r\n<meta property=\"article:modified_time\" content=\"2022-09-13T12:06:08+00:00\" \/>\r\n<meta name=\"twitter:card\" content=\"summary_large_image\" \/>\r\n<meta name=\"twitter:label1\" content=\"Tempo di lettura stimato\" \/>\n\t<meta name=\"twitter:data1\" content=\"2 minuti\" \/>\r\n<script type=\"application\/ld+json\" class=\"yoast-schema-graph\">{\"@context\":\"https:\/\/schema.org\",\"@graph\":[{\"@type\":\"Organization\",\"@id\":\"https:\/\/www.asimas.it\/new_asimas\/#organization\",\"name\":\"ASIMAS - Associazione Italiana Mastocitosi\",\"url\":\"https:\/\/www.asimas.it\/new_asimas\/\",\"sameAs\":[],\"logo\":{\"@type\":\"ImageObject\",\"@id\":\"https:\/\/www.asimas.it\/new_asimas\/#logo\",\"inLanguage\":\"it-IT\",\"url\":\"https:\/\/www.asimas.it\/new_asimas\/wp-content\/uploads\/2019\/04\/logo-asimas.png\",\"contentUrl\":\"https:\/\/www.asimas.it\/new_asimas\/wp-content\/uploads\/2019\/04\/logo-asimas.png\",\"width\":240,\"height\":240,\"caption\":\"ASIMAS - Associazione Italiana Mastocitosi\"},\"image\":{\"@id\":\"https:\/\/www.asimas.it\/new_asimas\/#logo\"}},{\"@type\":\"WebSite\",\"@id\":\"https:\/\/www.asimas.it\/new_asimas\/#website\",\"url\":\"https:\/\/www.asimas.it\/new_asimas\/\",\"name\":\"Asimas\",\"description\":\"Associazione Italiana Mastocitosi\",\"publisher\":{\"@id\":\"https:\/\/www.asimas.it\/new_asimas\/#organization\"},\"potentialAction\":[{\"@type\":\"SearchAction\",\"target\":{\"@type\":\"EntryPoint\",\"urlTemplate\":\"https:\/\/www.asimas.it\/new_asimas\/?s={search_term_string}\"},\"query-input\":\"required name=search_term_string\"}],\"inLanguage\":\"it-IT\"},{\"@type\":\"WebPage\",\"@id\":\"https:\/\/www.asimas.it\/new_asimas\/diagnosi-mastocitosi\/#webpage\",\"url\":\"https:\/\/www.asimas.it\/new_asimas\/diagnosi-mastocitosi\/\",\"name\":\"Diagnosi della Mastocitosi | ASIMAS | Associazione Italiana Mastocitosi\",\"isPartOf\":{\"@id\":\"https:\/\/www.asimas.it\/new_asimas\/#website\"},\"datePublished\":\"2019-02-14T12:17:54+00:00\",\"dateModified\":\"2022-09-13T12:06:08+00:00\",\"description\":\"Come arrivare alla diagnosi della Mastocitosi? ASIMAS svolge un ruolo importante, affidandosi ai migliori centri e medici in tutta Italia.\",\"breadcrumb\":{\"@id\":\"https:\/\/www.asimas.it\/new_asimas\/diagnosi-mastocitosi\/#breadcrumb\"},\"inLanguage\":\"it-IT\",\"potentialAction\":[{\"@type\":\"ReadAction\",\"target\":[\"https:\/\/www.asimas.it\/new_asimas\/diagnosi-mastocitosi\/\"]}]},{\"@type\":\"BreadcrumbList\",\"@id\":\"https:\/\/www.asimas.it\/new_asimas\/diagnosi-mastocitosi\/#breadcrumb\",\"itemListElement\":[{\"@type\":\"ListItem\",\"position\":1,\"name\":\"Home\",\"item\":\"https:\/\/www.asimas.it\/new_asimas\/\"},{\"@type\":\"ListItem\",\"position\":2,\"name\":\"LA DIAGNOSI\"}]}]}<\/script>\r\n<!-- \/ Yoast SEO plugin. -->","yoast_head_json":{"title":"Diagnosi della Mastocitosi | ASIMAS | Associazione Italiana Mastocitosi","description":"Come arrivare alla diagnosi della Mastocitosi? ASIMAS svolge un ruolo importante, affidandosi ai migliori centri e medici in tutta Italia.","robots":{"index":"index","follow":"follow","max-snippet":"max-snippet:-1","max-image-preview":"max-image-preview:large","max-video-preview":"max-video-preview:-1"},"canonical":"https:\/\/www.asimas.it\/new_asimas\/diagnosi-mastocitosi\/","og_locale":"it_IT","og_type":"article","og_title":"Diagnosi della Mastocitosi | ASIMAS | Associazione Italiana Mastocitosi","og_description":"Come arrivare alla diagnosi della Mastocitosi? ASIMAS svolge un ruolo importante, affidandosi ai migliori centri e medici in tutta Italia.","og_url":"https:\/\/www.asimas.it\/new_asimas\/diagnosi-mastocitosi\/","og_site_name":"Asimas","article_modified_time":"2022-09-13T12:06:08+00:00","twitter_card":"summary_large_image","twitter_misc":{"Tempo di lettura stimato":"2 minuti"},"schema":{"@context":"https:\/\/schema.org","@graph":[{"@type":"Organization","@id":"https:\/\/www.asimas.it\/new_asimas\/#organization","name":"ASIMAS - Associazione Italiana Mastocitosi","url":"https:\/\/www.asimas.it\/new_asimas\/","sameAs":[],"logo":{"@type":"ImageObject","@id":"https:\/\/www.asimas.it\/new_asimas\/#logo","inLanguage":"it-IT","url":"https:\/\/www.asimas.it\/new_asimas\/wp-content\/uploads\/2019\/04\/logo-asimas.png","contentUrl":"https:\/\/www.asimas.it\/new_asimas\/wp-content\/uploads\/2019\/04\/logo-asimas.png","width":240,"height":240,"caption":"ASIMAS - Associazione Italiana Mastocitosi"},"image":{"@id":"https:\/\/www.asimas.it\/new_asimas\/#logo"}},{"@type":"WebSite","@id":"https:\/\/www.asimas.it\/new_asimas\/#website","url":"https:\/\/www.asimas.it\/new_asimas\/","name":"Asimas","description":"Associazione Italiana Mastocitosi","publisher":{"@id":"https:\/\/www.asimas.it\/new_asimas\/#organization"},"potentialAction":[{"@type":"SearchAction","target":{"@type":"EntryPoint","urlTemplate":"https:\/\/www.asimas.it\/new_asimas\/?s={search_term_string}"},"query-input":"required name=search_term_string"}],"inLanguage":"it-IT"},{"@type":"WebPage","@id":"https:\/\/www.asimas.it\/new_asimas\/diagnosi-mastocitosi\/#webpage","url":"https:\/\/www.asimas.it\/new_asimas\/diagnosi-mastocitosi\/","name":"Diagnosi della Mastocitosi | ASIMAS | Associazione Italiana Mastocitosi","isPartOf":{"@id":"https:\/\/www.asimas.it\/new_asimas\/#website"},"datePublished":"2019-02-14T12:17:54+00:00","dateModified":"2022-09-13T12:06:08+00:00","description":"Come arrivare alla diagnosi della Mastocitosi? ASIMAS svolge un ruolo importante, affidandosi ai migliori centri e medici in tutta Italia.","breadcrumb":{"@id":"https:\/\/www.asimas.it\/new_asimas\/diagnosi-mastocitosi\/#breadcrumb"},"inLanguage":"it-IT","potentialAction":[{"@type":"ReadAction","target":["https:\/\/www.asimas.it\/new_asimas\/diagnosi-mastocitosi\/"]}]},{"@type":"BreadcrumbList","@id":"https:\/\/www.asimas.it\/new_asimas\/diagnosi-mastocitosi\/#breadcrumb","itemListElement":[{"@type":"ListItem","position":1,"name":"Home","item":"https:\/\/www.asimas.it\/new_asimas\/"},{"@type":"ListItem","position":2,"name":"LA DIAGNOSI"}]}]}},"_links":{"self":[{"href":"http:\/\/www.asimas.it\/new_asimas\/wp-json\/wp\/v2\/pages\/565"}],"collection":[{"href":"http:\/\/www.asimas.it\/new_asimas\/wp-json\/wp\/v2\/pages"}],"about":[{"href":"http:\/\/www.asimas.it\/new_asimas\/wp-json\/wp\/v2\/types\/page"}],"author":[{"embeddable":true,"href":"http:\/\/www.asimas.it\/new_asimas\/wp-json\/wp\/v2\/users\/1"}],"replies":[{"embeddable":true,"href":"http:\/\/www.asimas.it\/new_asimas\/wp-json\/wp\/v2\/comments?post=565"}],"version-history":[{"count":8,"href":"http:\/\/www.asimas.it\/new_asimas\/wp-json\/wp\/v2\/pages\/565\/revisions"}],"predecessor-version":[{"id":1793,"href":"http:\/\/www.asimas.it\/new_asimas\/wp-json\/wp\/v2\/pages\/565\/revisions\/1793"}],"wp:attachment":[{"href":"http:\/\/www.asimas.it\/new_asimas\/wp-json\/wp\/v2\/media?parent=565"}],"curies":[{"name":"wp","href":"https:\/\/api.w.org\/{rel}","templated":true}]}}