{"id":467,"date":"2019-02-05T13:34:17","date_gmt":"2019-02-05T13:34:17","guid":{"rendered":"http:\/\/localhost:8080\/wordpress\/?page_id=467"},"modified":"2024-10-10T14:44:20","modified_gmt":"2024-10-10T12:44:20","slug":"mission","status":"publish","type":"page","link":"http:\/\/www.asimas.it\/new_asimas\/mission\/","title":{"rendered":"Mission"},"content":{"rendered":"<div id=\"pl-467\"  class=\"panel-layout\" ><div id=\"pg-467-0\"  class=\"panel-grid panel-has-style\" ><div class=\"panel-row-style panel-row-style-for-467-0\" ><div id=\"pgc-467-0-0\"  class=\"panel-grid-cell panel-grid-cell-empty\" ><\/div><\/div><\/div><div id=\"pg-467-1\"  class=\"panel-grid panel-has-style\" ><div class=\"panel-row-style panel-row-style-for-467-1\" ><div id=\"pgc-467-1-0\"  class=\"panel-grid-cell panel-grid-cell-empty\" ><\/div><\/div><\/div><div id=\"pg-467-2\"  class=\"panel-grid panel-no-style\" ><div id=\"pgc-467-2-0\"  class=\"panel-grid-cell\" ><div id=\"panel-467-2-0-0\" class=\"so-panel widget widget_media_image panel-first-child panel-last-child\" data-index=\"0\" ><img width=\"1024\" height=\"576\" src=\"http:\/\/www.asimas.it\/new_asimas\/wp-content\/uploads\/2019\/05\/Mission_asimas-1024x576.jpg\" class=\"image wp-image-1352  attachment-large size-large\" alt=\"\" loading=\"lazy\" style=\"max-width: 100%; height: auto;\" srcset=\"http:\/\/www.asimas.it\/new_asimas\/wp-content\/uploads\/2019\/05\/Mission_asimas.jpg 1024w, http:\/\/www.asimas.it\/new_asimas\/wp-content\/uploads\/2019\/05\/Mission_asimas-300x169.jpg 300w, http:\/\/www.asimas.it\/new_asimas\/wp-content\/uploads\/2019\/05\/Mission_asimas-768x432.jpg 768w\" sizes=\"(max-width: 1024px) 100vw, 1024px\" \/><\/div><\/div><div id=\"pgc-467-2-1\"  class=\"panel-grid-cell\" ><div id=\"panel-467-2-1-0\" class=\"so-panel widget widget_sow-editor panel-first-child panel-last-child\" data-index=\"1\" ><div\n\t\t\t\n\t\t\tclass=\"so-widget-sow-editor so-widget-sow-editor-base\"\n\t\t\t\n\t\t><h3 class=\"widget-title\">ASIMAS - ASociazione Italiana MAStocitosi <\/h3>\n<div class=\"siteorigin-widget-tinymce textwidget\">\n\t<p><strong style=\"font-size: 20px; line-height: 30px;\">L'ASIMAS \u00e8 una associazione di volontariato nata nel 2008 iscritta regolarmente al RUNTS ( Registro Unico Nazionale Terzo Settore) da Maggio 2023 ai sensi e per gli effetti dell\u2019articolo 47 del D. Lgs n. 117\/2017 e dell\u2019articolo 9 del D.M. n. 106 del15\/09\/2020 l\u2019iscrizione dell'Ente \"ASIMAS ASSOCIAZIONE ITALIANA MASTOCITOSI ODV\" nella sezione ORGANIZZAZIONI DI VOLONTARIATO del RUNTS.<\/strong><\/p>\n<\/div>\n<\/div><\/div><\/div><\/div><div id=\"pg-467-3\"  class=\"panel-grid panel-no-style\" ><div id=\"pgc-467-3-0\"  class=\"panel-grid-cell\" ><div id=\"panel-467-3-0-0\" class=\"so-panel widget widget_text panel-first-child\" data-index=\"2\" >\t\t\t<div class=\"textwidget\"><p><img loading=\"lazy\" class=\"alignnone size-full wp-image-1357\" src=\"http:\/\/www.asimas.it\/new_asimas\/wp-content\/uploads\/2019\/05\/divider.jpg\" alt=\"\" width=\"2009\" height=\"2\" srcset=\"http:\/\/www.asimas.it\/new_asimas\/wp-content\/uploads\/2019\/05\/divider.jpg 2009w, http:\/\/www.asimas.it\/new_asimas\/wp-content\/uploads\/2019\/05\/divider-150x2.jpg 150w, http:\/\/www.asimas.it\/new_asimas\/wp-content\/uploads\/2019\/05\/divider-300x1.jpg 300w, http:\/\/www.asimas.it\/new_asimas\/wp-content\/uploads\/2019\/05\/divider-768x1.jpg 768w, http:\/\/www.asimas.it\/new_asimas\/wp-content\/uploads\/2019\/05\/divider-1024x1.jpg 1024w, http:\/\/www.asimas.it\/new_asimas\/wp-content\/uploads\/2019\/05\/divider-600x2.jpg 600w, http:\/\/www.asimas.it\/new_asimas\/wp-content\/uploads\/2019\/05\/divider-240x2.jpg 240w, http:\/\/www.asimas.it\/new_asimas\/wp-content\/uploads\/2019\/05\/divider-272x2.jpg 272w\" sizes=\"(max-width: 2009px) 100vw, 2009px\" \/><\/p>\n<\/div>\n\t\t<\/div><div id=\"panel-467-3-0-1\" class=\"so-panel widget widget_sow-editor\" data-index=\"3\" ><div\n\t\t\t\n\t\t\tclass=\"so-widget-sow-editor so-widget-sow-editor-base\"\n\t\t\t\n\t\t>\n<div class=\"siteorigin-widget-tinymce textwidget\">\n\t<ul style=\"font-size: 17px; color: #000;\">\n<li><b>L'associazione non ha scopo di lucro, persegue finalit\u00e0 civiche, educative, solidaristiche e di utilit\u00e0 sociale per lo svolgimento prevalentemente in favore di terzi di una o pi\u00f9 attivit\u00e0 di cui all'articolo 5 del D. Lgs. 1 17\/2017, avvalendosi in modo prevalente dell'attivit\u00e0 di volontariato dei propri associati o delle persone aderenti agli enti associati.<\/b><\/li>\n<\/ul>\n<\/div>\n<\/div><\/div><div id=\"panel-467-3-0-2\" class=\"so-panel widget widget_sow-editor panel-last-child\" data-index=\"4\" ><div\n\t\t\t\n\t\t\tclass=\"so-widget-sow-editor so-widget-sow-editor-base\"\n\t\t\t\n\t\t>\n<div class=\"siteorigin-widget-tinymce textwidget\">\n\t<ul style=\"font-size: 17px; color: #000;\">\n<li><b>L'associazione si ispira ai principi della solidariet\u00e0 sociale, opera prevalentemente nel settore sanitario e sociale prefiggendosi di raggiungere i seguenti scopi:<\/b><\/li>\n<\/ul>\n<ol style=\"font-size: 17px; color: #000;\">\n<li><b>Sostegno ai soci affetti dalla mastocitosi in tutte le sue varianti, ad individuare percorsi diagnostici presso i centri di riferimento per la patologia;<\/b><\/li>\n<li><b>Sensibilizzazione dei mass media sulla malattia per favorire la ricerca italiana, europea ed internazionale su questa malattia.<\/b><\/li>\n<\/ol>\n<\/div>\n<\/div><\/div><\/div><\/div><\/div>","protected":false},"excerpt":{"rendered":"<p>ASIMAS &#8211; ASociazione Italiana MAStocitosi L&#8217;ASIMAS \u00e8 una associazione di volontariato nata nel 2008 iscritta regolarmente al RUNTS ( Registro Unico Nazionale Terzo Settore) da Maggio 2023 ai sensi e [&hellip;]<\/p>\n","protected":false},"author":1,"featured_media":0,"parent":0,"menu_order":0,"comment_status":"closed","ping_status":"closed","template":"full-width.php","meta":[],"yoast_head":"<!-- This site is optimized with the Yoast SEO plugin v18.4.1 - https:\/\/yoast.com\/wordpress\/plugins\/seo\/ -->\r\n<title>La nostra Mission | ASIMAS | Associazione Italiana Mastocitosi<\/title>\r\n<meta name=\"description\" content=\"La mission di Asimas \u00e8 operare in maniera specifica nelle aree di intervento principali, come assistenza sociale, sanitaria e culturale.\" \/>\r\n<meta name=\"robots\" content=\"index, follow, max-snippet:-1, max-image-preview:large, max-video-preview:-1\" \/>\r\n<link rel=\"canonical\" href=\"http:\/\/www.asimas.it\/new_asimas\/mission\/\" \/>\r\n<meta property=\"og:locale\" content=\"it_IT\" \/>\r\n<meta property=\"og:type\" content=\"article\" \/>\r\n<meta property=\"og:title\" content=\"La nostra Mission | ASIMAS | Associazione Italiana Mastocitosi\" \/>\r\n<meta property=\"og:description\" content=\"La mission di Asimas \u00e8 operare in maniera specifica nelle aree di intervento principali, come assistenza sociale, sanitaria e culturale.\" \/>\r\n<meta property=\"og:url\" content=\"http:\/\/www.asimas.it\/new_asimas\/mission\/\" \/>\r\n<meta property=\"og:site_name\" content=\"Asimas\" \/>\r\n<meta property=\"article:modified_time\" content=\"2024-10-10T12:44:20+00:00\" \/>\r\n<meta property=\"og:image\" content=\"http:\/\/www.asimas.it\/new_asimas\/wp-content\/uploads\/2019\/05\/divider.jpg\" \/>\r\n<meta name=\"twitter:card\" content=\"summary_large_image\" \/>\r\n<meta name=\"twitter:label1\" content=\"Tempo di lettura stimato\" \/>\n\t<meta name=\"twitter:data1\" content=\"1 minuto\" \/>\r\n<script type=\"application\/ld+json\" class=\"yoast-schema-graph\">{\"@context\":\"https:\/\/schema.org\",\"@graph\":[{\"@type\":\"Organization\",\"@id\":\"https:\/\/www.asimas.it\/new_asimas\/#organization\",\"name\":\"ASIMAS - Associazione Italiana Mastocitosi\",\"url\":\"https:\/\/www.asimas.it\/new_asimas\/\",\"sameAs\":[],\"logo\":{\"@type\":\"ImageObject\",\"@id\":\"https:\/\/www.asimas.it\/new_asimas\/#logo\",\"inLanguage\":\"it-IT\",\"url\":\"https:\/\/www.asimas.it\/new_asimas\/wp-content\/uploads\/2019\/04\/logo-asimas.png\",\"contentUrl\":\"https:\/\/www.asimas.it\/new_asimas\/wp-content\/uploads\/2019\/04\/logo-asimas.png\",\"width\":240,\"height\":240,\"caption\":\"ASIMAS - Associazione Italiana Mastocitosi\"},\"image\":{\"@id\":\"https:\/\/www.asimas.it\/new_asimas\/#logo\"}},{\"@type\":\"WebSite\",\"@id\":\"https:\/\/www.asimas.it\/new_asimas\/#website\",\"url\":\"https:\/\/www.asimas.it\/new_asimas\/\",\"name\":\"Asimas\",\"description\":\"Associazione Italiana Mastocitosi\",\"publisher\":{\"@id\":\"https:\/\/www.asimas.it\/new_asimas\/#organization\"},\"potentialAction\":[{\"@type\":\"SearchAction\",\"target\":{\"@type\":\"EntryPoint\",\"urlTemplate\":\"https:\/\/www.asimas.it\/new_asimas\/?s={search_term_string}\"},\"query-input\":\"required name=search_term_string\"}],\"inLanguage\":\"it-IT\"},{\"@type\":\"ImageObject\",\"@id\":\"http:\/\/www.asimas.it\/new_asimas\/mission\/#primaryimage\",\"inLanguage\":\"it-IT\",\"url\":\"http:\/\/www.asimas.it\/new_asimas\/wp-content\/uploads\/2019\/05\/divider.jpg\",\"contentUrl\":\"http:\/\/www.asimas.it\/new_asimas\/wp-content\/uploads\/2019\/05\/divider.jpg\",\"width\":2009,\"height\":2},{\"@type\":\"WebPage\",\"@id\":\"http:\/\/www.asimas.it\/new_asimas\/mission\/#webpage\",\"url\":\"http:\/\/www.asimas.it\/new_asimas\/mission\/\",\"name\":\"La nostra Mission | ASIMAS | Associazione Italiana Mastocitosi\",\"isPartOf\":{\"@id\":\"https:\/\/www.asimas.it\/new_asimas\/#website\"},\"primaryImageOfPage\":{\"@id\":\"http:\/\/www.asimas.it\/new_asimas\/mission\/#primaryimage\"},\"datePublished\":\"2019-02-05T13:34:17+00:00\",\"dateModified\":\"2024-10-10T12:44:20+00:00\",\"description\":\"La mission di Asimas \u00e8 operare in maniera specifica nelle aree di intervento principali, come assistenza sociale, sanitaria e culturale.\",\"breadcrumb\":{\"@id\":\"http:\/\/www.asimas.it\/new_asimas\/mission\/#breadcrumb\"},\"inLanguage\":\"it-IT\",\"potentialAction\":[{\"@type\":\"ReadAction\",\"target\":[\"http:\/\/www.asimas.it\/new_asimas\/mission\/\"]}]},{\"@type\":\"BreadcrumbList\",\"@id\":\"http:\/\/www.asimas.it\/new_asimas\/mission\/#breadcrumb\",\"itemListElement\":[{\"@type\":\"ListItem\",\"position\":1,\"name\":\"Home\",\"item\":\"https:\/\/www.asimas.it\/new_asimas\/\"},{\"@type\":\"ListItem\",\"position\":2,\"name\":\"Mission\"}]}]}<\/script>\r\n<!-- \/ Yoast SEO plugin. -->","yoast_head_json":{"title":"La nostra Mission | ASIMAS | Associazione Italiana Mastocitosi","description":"La mission di Asimas \u00e8 operare in maniera specifica nelle aree di intervento principali, come assistenza sociale, sanitaria e culturale.","robots":{"index":"index","follow":"follow","max-snippet":"max-snippet:-1","max-image-preview":"max-image-preview:large","max-video-preview":"max-video-preview:-1"},"canonical":"http:\/\/www.asimas.it\/new_asimas\/mission\/","og_locale":"it_IT","og_type":"article","og_title":"La nostra Mission | ASIMAS | Associazione Italiana Mastocitosi","og_description":"La mission di Asimas \u00e8 operare in maniera specifica nelle aree di intervento principali, come assistenza sociale, sanitaria e culturale.","og_url":"http:\/\/www.asimas.it\/new_asimas\/mission\/","og_site_name":"Asimas","article_modified_time":"2024-10-10T12:44:20+00:00","og_image":[{"url":"http:\/\/www.asimas.it\/new_asimas\/wp-content\/uploads\/2019\/05\/divider.jpg"}],"twitter_card":"summary_large_image","twitter_misc":{"Tempo di lettura stimato":"1 minuto"},"schema":{"@context":"https:\/\/schema.org","@graph":[{"@type":"Organization","@id":"https:\/\/www.asimas.it\/new_asimas\/#organization","name":"ASIMAS - Associazione Italiana Mastocitosi","url":"https:\/\/www.asimas.it\/new_asimas\/","sameAs":[],"logo":{"@type":"ImageObject","@id":"https:\/\/www.asimas.it\/new_asimas\/#logo","inLanguage":"it-IT","url":"https:\/\/www.asimas.it\/new_asimas\/wp-content\/uploads\/2019\/04\/logo-asimas.png","contentUrl":"https:\/\/www.asimas.it\/new_asimas\/wp-content\/uploads\/2019\/04\/logo-asimas.png","width":240,"height":240,"caption":"ASIMAS - Associazione Italiana Mastocitosi"},"image":{"@id":"https:\/\/www.asimas.it\/new_asimas\/#logo"}},{"@type":"WebSite","@id":"https:\/\/www.asimas.it\/new_asimas\/#website","url":"https:\/\/www.asimas.it\/new_asimas\/","name":"Asimas","description":"Associazione Italiana Mastocitosi","publisher":{"@id":"https:\/\/www.asimas.it\/new_asimas\/#organization"},"potentialAction":[{"@type":"SearchAction","target":{"@type":"EntryPoint","urlTemplate":"https:\/\/www.asimas.it\/new_asimas\/?s={search_term_string}"},"query-input":"required name=search_term_string"}],"inLanguage":"it-IT"},{"@type":"ImageObject","@id":"http:\/\/www.asimas.it\/new_asimas\/mission\/#primaryimage","inLanguage":"it-IT","url":"http:\/\/www.asimas.it\/new_asimas\/wp-content\/uploads\/2019\/05\/divider.jpg","contentUrl":"http:\/\/www.asimas.it\/new_asimas\/wp-content\/uploads\/2019\/05\/divider.jpg","width":2009,"height":2},{"@type":"WebPage","@id":"http:\/\/www.asimas.it\/new_asimas\/mission\/#webpage","url":"http:\/\/www.asimas.it\/new_asimas\/mission\/","name":"La nostra Mission | ASIMAS | Associazione Italiana Mastocitosi","isPartOf":{"@id":"https:\/\/www.asimas.it\/new_asimas\/#website"},"primaryImageOfPage":{"@id":"http:\/\/www.asimas.it\/new_asimas\/mission\/#primaryimage"},"datePublished":"2019-02-05T13:34:17+00:00","dateModified":"2024-10-10T12:44:20+00:00","description":"La mission di Asimas \u00e8 operare in maniera specifica nelle aree di intervento principali, come assistenza sociale, sanitaria e culturale.","breadcrumb":{"@id":"http:\/\/www.asimas.it\/new_asimas\/mission\/#breadcrumb"},"inLanguage":"it-IT","potentialAction":[{"@type":"ReadAction","target":["http:\/\/www.asimas.it\/new_asimas\/mission\/"]}]},{"@type":"BreadcrumbList","@id":"http:\/\/www.asimas.it\/new_asimas\/mission\/#breadcrumb","itemListElement":[{"@type":"ListItem","position":1,"name":"Home","item":"https:\/\/www.asimas.it\/new_asimas\/"},{"@type":"ListItem","position":2,"name":"Mission"}]}]}},"_links":{"self":[{"href":"http:\/\/www.asimas.it\/new_asimas\/wp-json\/wp\/v2\/pages\/467"}],"collection":[{"href":"http:\/\/www.asimas.it\/new_asimas\/wp-json\/wp\/v2\/pages"}],"about":[{"href":"http:\/\/www.asimas.it\/new_asimas\/wp-json\/wp\/v2\/types\/page"}],"author":[{"embeddable":true,"href":"http:\/\/www.asimas.it\/new_asimas\/wp-json\/wp\/v2\/users\/1"}],"replies":[{"embeddable":true,"href":"http:\/\/www.asimas.it\/new_asimas\/wp-json\/wp\/v2\/comments?post=467"}],"version-history":[{"count":68,"href":"http:\/\/www.asimas.it\/new_asimas\/wp-json\/wp\/v2\/pages\/467\/revisions"}],"predecessor-version":[{"id":5209,"href":"http:\/\/www.asimas.it\/new_asimas\/wp-json\/wp\/v2\/pages\/467\/revisions\/5209"}],"wp:attachment":[{"href":"http:\/\/www.asimas.it\/new_asimas\/wp-json\/wp\/v2\/media?parent=467"}],"curies":[{"name":"wp","href":"https:\/\/api.w.org\/{rel}","templated":true}]}}